{"id":2505,"date":"2024-04-03T23:27:48","date_gmt":"2024-04-03T23:27:48","guid":{"rendered":"https:\/\/aaadmj.pt\/?page_id=2505"},"modified":"2024-04-26T23:59:56","modified_gmt":"2024-04-26T23:59:56","slug":"publicacoes","status":"publish","type":"page","link":"https:\/\/aaadmj.com\/en\/publicacoes\/","title":{"rendered":"Publications"},"content":{"rendered":"<div data-elementor-type=\"wp-post\" data-elementor-id=\"2505\" class=\"elementor elementor-2505\" data-elementor-post-type=\"page\">\n\t\t\t\t<div class=\"elementor-element elementor-element-4cfaa708 e-flex e-con-boxed e-con e-parent\" data-id=\"4cfaa708\" data-element_type=\"container\" data-settings=\"{&quot;background_background&quot;:&quot;classic&quot;}\">\n\t\t\t\t\t<div class=\"e-con-inner\">\n\t\t\t\t<div class=\"elementor-element elementor-element-7d8b78b1 elementor-widget elementor-widget-heading\" data-id=\"7d8b78b1\" data-element_type=\"widget\" data-widget_type=\"heading.default\">\n\t\t\t\t<div class=\"elementor-widget-container\">\n\t\t\t<style>\/*! elementor - v3.21.0 - 08-05-2024 *\/\n.elementor-heading-title{padding:0;margin:0;line-height:1}.elementor-widget-heading .elementor-heading-title[class*=elementor-size-]>a{color:inherit;font-size:inherit;line-height:inherit}.elementor-widget-heading .elementor-heading-title.elementor-size-small{font-size:15px}.elementor-widget-heading .elementor-heading-title.elementor-size-medium{font-size:19px}.elementor-widget-heading .elementor-heading-title.elementor-size-large{font-size:29px}.elementor-widget-heading .elementor-heading-title.elementor-size-xl{font-size:39px}.elementor-widget-heading .elementor-heading-title.elementor-size-xxl{font-size:59px}<\/style><h2 class=\"elementor-heading-title elementor-size-default\">Publications<\/h2>\t\t<\/div>\n\t\t\t\t<\/div>\n\t\t\t\t<div class=\"elementor-element elementor-element-774512ad elementor-icon-list--layout-inline elementor-laptop-align-left elementor-tablet_extra-align-center elementor-list-item-link-full_width elementor-widget elementor-widget-icon-list\" data-id=\"774512ad\" data-element_type=\"widget\" data-widget_type=\"icon-list.default\">\n\t\t\t\t<div class=\"elementor-widget-container\">\n\t\t\t<link rel=\"stylesheet\" href=\"https:\/\/aaadmj.com\/wp-content\/uploads\/elementor\/css\/custom-widget-icon-list.min.css?ver=1715656163\">\t\t<ul class=\"elementor-icon-list-items elementor-inline-items\">\n\t\t\t\t\t\t\t<li class=\"elementor-icon-list-item elementor-inline-item\">\n\t\t\t\t\t\t\t\t\t\t\t<a href=\"https:\/\/aaadmj.com\/en\">\n\n\t\t\t\t\t\t\t\t\t\t\t<span class=\"elementor-icon-list-text\">Home<\/span>\n\t\t\t\t\t\t\t\t\t\t\t<\/a>\n\t\t\t\t\t\t\t\t\t<\/li>\n\t\t\t\t\t\t\t\t<li class=\"elementor-icon-list-item elementor-inline-item\">\n\t\t\t\t\t\t\t\t\t\t\t<a href=\"https:\/\/aaadmj.com\/en\/publicacoes\/\">\n\n\t\t\t\t\t\t\t\t\t\t\t\t<span class=\"elementor-icon-list-icon\">\n\t\t\t\t\t\t\t<svg aria-hidden=\"true\" class=\"e-font-icon-svg e-fas-angle-right\" viewbox=\"0 0 256 512\" xmlns=\"http:\/\/www.w3.org\/2000\/svg\"><path d=\"M224.3 273l-136 136c-9.4 9.4-24.6 9.4-33.9 0l-22.6-22.6c-9.4-9.4-9.4-24.6 0-33.9l96.4-96.4-96.4-96.4c-9.4-9.4-9.4-24.6 0-33.9L54.3 103c9.4-9.4 24.6-9.4 33.9 0l136 136c9.5 9.4 9.5 24.6.1 34z\"><\/path><\/svg>\t\t\t\t\t\t<\/span>\n\t\t\t\t\t\t\t\t\t\t<span class=\"elementor-icon-list-text\">Publications<\/span>\n\t\t\t\t\t\t\t\t\t\t\t<\/a>\n\t\t\t\t\t\t\t\t\t<\/li>\n\t\t\t\t\t\t<\/ul>\n\t\t\t\t<\/div>\n\t\t\t\t<\/div>\n\t\t\t\t\t<\/div>\n\t\t\t\t<\/div>\n\t\t<div class=\"elementor-element elementor-element-2b0f5ca1 e-flex e-con-boxed e-con e-parent\" data-id=\"2b0f5ca1\" data-element_type=\"container\">\n\t\t\t\t\t<div class=\"e-con-inner\">\n\t\t<div class=\"elementor-element elementor-element-47ecfe45 e-flex e-con-boxed e-con e-child\" data-id=\"47ecfe45\" data-element_type=\"container\">\n\t\t\t\t\t<div class=\"e-con-inner\">\n\t\t<div class=\"elementor-element elementor-element-9d1af34 e-con-full e-flex e-con e-child\" data-id=\"9d1af34\" data-element_type=\"container\">\n\t\t<div class=\"elementor-element elementor-element-3cc5abb2 e-flex e-con-boxed e-con e-child\" data-id=\"3cc5abb2\" data-element_type=\"container\">\n\t\t\t\t\t<div class=\"e-con-inner\">\n\t\t\t\t<div class=\"elementor-element elementor-element-5888aefe elementor-widget elementor-widget-heading\" data-id=\"5888aefe\" data-element_type=\"widget\" data-widget_type=\"heading.default\">\n\t\t\t\t<div class=\"elementor-widget-container\">\n\t\t\t<h1 class=\"elementor-heading-title elementor-size-default\">Publications<\/h1>\t\t<\/div>\n\t\t\t\t<\/div>\n\t\t\t\t\t<\/div>\n\t\t\t\t<\/div>\n\t\t\t\t<\/div>\n\t\t<div class=\"elementor-element elementor-element-ebaf385 e-flex e-con-boxed e-con e-child\" data-id=\"ebaf385\" data-element_type=\"container\">\n\t\t\t\t\t<div class=\"e-con-inner\">\n\t\t\t\t<div class=\"elementor-element elementor-element-f7dfeb7 elementor-widget elementor-widget-text-editor\" data-id=\"f7dfeb7\" data-element_type=\"widget\" data-widget_type=\"text-editor.default\">\n\t\t\t\t<div class=\"elementor-widget-container\">\n\t\t\t<style>\/*! elementor - v3.21.0 - 08-05-2024 *\/\n.elementor-widget-text-editor.elementor-drop-cap-view-stacked .elementor-drop-cap{background-color:#69727d;color:#fff}.elementor-widget-text-editor.elementor-drop-cap-view-framed .elementor-drop-cap{color:#69727d;border:3px solid;background-color:transparent}.elementor-widget-text-editor:not(.elementor-drop-cap-view-default) .elementor-drop-cap{margin-top:8px}.elementor-widget-text-editor:not(.elementor-drop-cap-view-default) .elementor-drop-cap-letter{width:1em;height:1em}.elementor-widget-text-editor .elementor-drop-cap{float:left;text-align:center;line-height:1;font-size:50px}.elementor-widget-text-editor .elementor-drop-cap-letter{display:inline-block}<\/style>\t\t\t\t<p>Here you can download publications that you may find useful.<\/p>\t\t\t\t\t\t<\/div>\n\t\t\t\t<\/div>\n\t\t\t\t\t<\/div>\n\t\t\t\t<\/div>\n\t\t\t\t\t<\/div>\n\t\t\t\t<\/div>\n\t\t\t\t\t<\/div>\n\t\t\t\t<\/div>\n\t\t<div class=\"elementor-element elementor-element-73009bc e-flex e-con-boxed elementor-invisible e-con e-parent\" data-id=\"73009bc\" data-element_type=\"container\" data-settings=\"{&quot;animation&quot;:&quot;fadeInUp&quot;}\">\n\t\t\t\t\t<div class=\"e-con-inner\">\n\t\t\t\t<div class=\"elementor-element elementor-element-4be6526 elementor-widget elementor-widget-shortcode\" data-id=\"4be6526\" data-element_type=\"widget\" data-widget_type=\"shortcode.default\">\n\t\t\t\t<div class=\"elementor-widget-container\">\n\t\t\t\t\t<div class=\"elementor-shortcode\">\n            <div \n                class=\"elfsight-widget-pdf-embed elfsight-widget\" \n                data-elfsight-pdf-embed-options=\"%7B%22files%22%3A%5B%7B%22link%22%3A%22https%3A%5C%2F%5C%2Faaadmj.pt%5C%2Fwp-content%5C%2Fuploads%5C%2F2024%5C%2F04%5C%2FDMJ_ExercicioFisico.pdf%22%2C%22name%22%3A%22Motor%20Training%20in%20Degenerative%20Spinocerebellar%20Disease%3A%20Ataxia-Specific%20Improvements%20by%20Intensive%20Physiotherapy%20and%20Exergames%20-%201%22%2C%22previewImage%22%3Anull%7D%2C%7B%22link%22%3A%22https%3A%5C%2F%5C%2Faaadmj.pt%5C%2Fwp-content%5C%2Fuploads%5C%2F2024%5C%2F04%5C%2FDMJ_ExercicioFisico_2.pdf%22%2C%22name%22%3A%22%20Motor%20Training%20in%20Degenerative%20Spinocerebellar%20Disease%3A%20Ataxia-Specific%20Improvements%20by%20Intensive%20Physiotherapy%20and%20Exergames%20-%202%22%2C%22previewImage%22%3Anull%7D%2C%7B%22link%22%3A%22https%3A%5C%2F%5C%2Faaadmj.pt%5C%2Fwp-content%5C%2Fuploads%5C%2F2024%5C%2F04%5C%2FDMJ_ExercicioFisico_3.pdf%22%2C%22name%22%3A%22%20Motor%20Training%20in%20Degenerative%20Spinocerebellar%20Disease%3A%20Ataxia-Specific%20Improvements%20by%20Intensive%20Physiotherapy%20and%20Exergames%20-%203%22%2C%22previewImage%22%3Anull%7D%2C%7B%22link%22%3A%22https%3A%5C%2F%5C%2Faaadmj.pt%5C%2Fwp-content%5C%2Fuploads%5C%2F2024%5C%2F04%5C%2FMachado-Joseph_Disease_in_the_context_of_the_perso.pdf%22%2C%22name%22%3A%22Machado-Joseph%20Disease%20in%20the%20context%20of%20the%20person%5C%2Ffamily%20that%20experiences%20it%3A%20daily%20changes%20and%20future%20expectations%22%2C%22previewImage%22%3Anull%7D%2C%7B%22link%22%3A%22https%3A%5C%2F%5C%2Faaadmj.pt%5C%2Fwp-content%5C%2Fuploads%5C%2F2024%5C%2F04%5C%2FMetilacao.pdf%22%2C%22name%22%3A%22A%20import%5Cu00e2ncia%20da%20metila%5Cu00e7%5Cu00e3o%20do%20DNA%20nas%20doen%5Cu00e7as%20neurodegenerativas%22%2C%22previewImage%22%3Anull%7D%2C%7B%22link%22%3A%22https%3A%5C%2F%5C%2Faaadmj.pt%5C%2Fwp-content%5C%2Fuploads%5C%2F2024%5C%2F04%5C%2FRaposo-et-al-2022.pdf%22%2C%22name%22%3A%22Novel%20Machado-Joseph%20disease-modifying%20genes%20and%20pathways%20identified%20by%20whole-exome%20sequencing%22%2C%22previewImage%22%3Anull%7D%2C%7B%22link%22%3A%22https%3A%5C%2F%5C%2Faaadmj.pt%5C%2Fwp-content%5C%2Fuploads%5C%2F2024%5C%2F04%5C%2Fs12687-022-00602-2.pdf%22%2C%22name%22%3A%22Restrictions%20in%20care%20following%20the%20COVID%5Cu201119%20pandemic%20severely%20impacted%20Machado%5Cu2011Joseph%20disease%20patients%22%2C%22previewImage%22%3Anull%7D%2C%7B%22link%22%3A%22https%3A%5C%2F%5C%2Faaadmj.pt%5C%2Fwp-content%5C%2Fuploads%5C%2F2024%5C%2F04%5C%2FS2445407916300465.pdf%22%2C%22name%22%3A%22A%20%5Cu00abaceita%5Cu00e7%5Cu00e3o%5Cu00bb%20em%20portadores%20assintom%5Cu00e1ticos%20e%20sintom%5Cu00e1ticos%20da%20doen%5Cu00e7a%20de%20Machado-Joseph%22%2C%22previewImage%22%3Anull%7D%2C%7B%22link%22%3A%22https%3A%5C%2F%5C%2Faaadmj.com%5C%2Fwp-content%5C%2Fuploads%5C%2F2024%5C%2F09%5C%2FTrabalho-projeto_Joana-Mota_Mestrado-em-Terapia-da-Fala.pdf%22%2C%22name%22%3A%22Doen%5Cu00e7a%20de%20Machado-Joseph%3A%20impacto%20da%20disfagia%20na%20qualidade%20de%20vida%20%28projeto%20para%20obten%5Cu00e7%5Cu00e3o%20grau%20de%20mestre%20em%20Terapia%20da%20Fala%29%22%2C%22previewImage%22%3Anull%7D%2C%7B%22link%22%3A%22https%3A%5C%2F%5C%2Faaadmj.com%5C%2Fwp-content%5C%2Fuploads%5C%2F2024%5C%2F09%5C%2FCouto_et_al-2024-Journal_of_Community_Genetics.pdf%22%2C%22name%22%3A%22From%20stigma%20to%20increase%20social%20acceptance%3F%20Living%20with%20Machado-Joseph%20disease%20in%20S%5Cu00e3o%20Miguel%2C%20Azores%2C%20Portugal%22%2C%22previewImage%22%3Anull%7D%2C%7B%22link%22%3A%22https%3A%5C%2F%5C%2Faaadmj.com%5C%2Fwp-content%5C%2Fuploads%5C%2F2024%5C%2F09%5C%2FBiohaven-Troriluzol-SCAs.pdf%22%2C%22name%22%3A%22Biohaven-Troriluzol-SCAs%22%2C%22previewImage%22%3Anull%7D%2C%7B%22link%22%3A%22https%3A%5C%2F%5C%2Faaadmj.com%5C%2Fwp-content%5C%2Fuploads%5C%2F2025%5C%2F11%5C%2Fpalliative-care-approaches-in-machado-joseph-disease.pdf%22%2C%22name%22%3A%22Palliative%20care%20approaches%20in%20Machado-Joseph%20disease%22%2C%22previewImage%22%3Anull%7D%5D%2C%22widgetTitle%22%3A%22%22%2C%22layout%22%3A%22grid%22%2C%22showIcon%22%3Atrue%2C%22icon%22%3A%22icon-2%22%2C%22previewImageSize%22%3A30%2C%22showDownloadLink%22%3Atrue%2C%22downloadLinkText%22%3A%22Download%22%2C%22width%22%3A%221170%22%2C%22heightFactor%22%3A1.41%2C%22iconColor%22%3A%22rgb%28222%2C%2043%2C%2051%29%22%2C%22nameColor%22%3A%22rgb%2817%2C%2017%2C%2017%29%22%2C%22downloadColor%22%3A%22rgb%280%2C%20150%2C%20129%29%22%2C%22backgroundColor%22%3Anull%2C%22fileBackgroundColor%22%3Anull%2C%22widgetTitleColor%22%3A%22rgb%2817%2C%2017%2C%2017%29%22%2C%22nameFontSize%22%3A13%2C%22downloadFontSize%22%3A20%2C%22widgetTitleFontSize%22%3A20%2C%22widgetId%22%3A%221%22%7D\" \n                data-elfsight-pdf-embed-version=\"1.1.1\"\n                data-elfsight-widget-id=\"elfsight-pdf-embed-1\">\n            <\/div>\n            <\/div>\n\t\t\t\t<\/div>\n\t\t\t\t<\/div>\n\t\t\t\t\t<\/div>\n\t\t\t\t<\/div>\n\t\t<div class=\"elementor-element elementor-element-4068b880 e-flex e-con-boxed e-con e-parent\" data-id=\"4068b880\" data-element_type=\"container\" data-settings=\"{&quot;background_background&quot;:&quot;classic&quot;,&quot;shape_divider_top&quot;:&quot;pyramids&quot;}\">\n\t\t\t\t\t<div class=\"e-con-inner\">\n\t\t\t\t<div class=\"elementor-shape elementor-shape-top\" data-negative=\"false\">\n\t\t\t<svg xmlns=\"http:\/\/www.w3.org\/2000\/svg\" viewbox=\"0 0 1000 100\" preserveaspectratio=\"none\">\n\t<path class=\"elementor-shape-fill\" d=\"M761.9,44.1L643.1,27.2L333.8,98L0,3.8V0l1000,0v3.9\"\/>\n<\/svg>\t\t<\/div>\n\t\t\t\t\t<\/div>\n\t\t\t\t<\/div>\n\t\t\t\t<\/div>","protected":false},"excerpt":{"rendered":"<p>Here you can download publications that you may find useful.<\/p>","protected":false},"author":1,"featured_media":2886,"parent":0,"menu_order":4,"comment_status":"closed","ping_status":"closed","template":"","meta":{"footnotes":""},"class_list":["post-2505","page","type-page","status-publish","has-post-thumbnail","hentry"],"yoast_head":"<!-- This site is optimized with the Yoast SEO plugin v22.6 - https:\/\/yoast.com\/wordpress\/plugins\/seo\/ -->\n<title>Publica\u00e7\u00f5es - AAADMJ - Associa\u00e7\u00e3o Atl\u00e2ntica de Apoio aos Doentes de Machado-Joseph<\/title>\n<meta name=\"description\" content=\"Aqui disp\u00f5e de publica\u00e7\u00f5es para download que lhe poder\u00e3o ser \u00fateis.\" \/>\n<meta name=\"robots\" content=\"index, follow, max-snippet:-1, max-image-preview:large, max-video-preview:-1\" \/>\n<link rel=\"canonical\" href=\"https:\/\/aaadmj.com\/en\/publicacoes\/\" \/>\n<meta property=\"og:locale\" content=\"en_GB\" \/>\n<meta property=\"og:type\" content=\"article\" \/>\n<meta property=\"og:title\" content=\"Publica\u00e7\u00f5es - AAADMJ - Associa\u00e7\u00e3o Atl\u00e2ntica de Apoio aos Doentes de Machado-Joseph\" \/>\n<meta property=\"og:description\" content=\"Aqui disp\u00f5e de publica\u00e7\u00f5es para download que lhe poder\u00e3o ser \u00fateis.\" \/>\n<meta property=\"og:url\" content=\"https:\/\/aaadmj.com\/en\/publicacoes\/\" \/>\n<meta property=\"og:site_name\" content=\"AAADMJ - Associa\u00e7\u00e3o Atl\u00e2ntica de Apoio aos Doentes de Machado-Joseph\" \/>\n<meta property=\"article:modified_time\" content=\"2024-04-26T23:59:56+00:00\" \/>\n<meta property=\"og:image\" content=\"https:\/\/aaadmj.com\/wp-content\/uploads\/2024\/04\/close-up-opened-book-library.jpg\" \/>\n\t<meta property=\"og:image:width\" content=\"1920\" \/>\n\t<meta property=\"og:image:height\" content=\"1281\" \/>\n\t<meta property=\"og:image:type\" content=\"image\/jpeg\" \/>\n<meta name=\"twitter:card\" content=\"summary_large_image\" \/>\n<meta name=\"twitter:title\" content=\"Publica\u00e7\u00f5es - AAADMJ - Associa\u00e7\u00e3o Atl\u00e2ntica de Apoio aos Doentes de Machado-Joseph\" \/>\n<meta name=\"twitter:description\" content=\"Aqui disp\u00f5e de publica\u00e7\u00f5es para download que lhe poder\u00e3o ser \u00fateis.\" \/>\n<meta name=\"twitter:image\" content=\"https:\/\/aaadmj.com\/wp-content\/uploads\/2024\/04\/close-up-opened-book-library.jpg\" \/>\n<meta name=\"twitter:label1\" content=\"Estimated reading time\" \/>\n\t<meta name=\"twitter:data1\" content=\"1 minute\" \/>\n<script type=\"application\/ld+json\" class=\"yoast-schema-graph\">{\"@context\":\"https:\/\/schema.org\",\"@graph\":[{\"@type\":\"WebPage\",\"@id\":\"https:\/\/aaadmj.com\/publicacoes\/\",\"url\":\"https:\/\/aaadmj.com\/publicacoes\",\"name\":\"Publica\u00e7\u00f5es - AAADMJ - Associa\u00e7\u00e3o Atl\u00e2ntica de Apoio aos Doentes de Machado-Joseph\",\"isPartOf\":{\"@id\":\"https:\/\/aaadmj.com\/#website\"},\"primaryImageOfPage\":{\"@id\":\"https:\/\/aaadmj.com\/publicacoes#primaryimage\"},\"image\":{\"@id\":\"https:\/\/aaadmj.com\/publicacoes#primaryimage\"},\"thumbnailUrl\":\"https:\/\/aaadmj.com\/wp-content\/uploads\/2024\/04\/close-up-opened-book-library.jpg\",\"datePublished\":\"2024-04-03T23:27:48+00:00\",\"dateModified\":\"2024-04-26T23:59:56+00:00\",\"description\":\"Aqui disp\u00f5e de publica\u00e7\u00f5es para download que lhe poder\u00e3o ser \u00fateis.\",\"breadcrumb\":{\"@id\":\"https:\/\/aaadmj.com\/publicacoes#breadcrumb\"},\"inLanguage\":\"en-GB\",\"potentialAction\":[{\"@type\":\"ReadAction\",\"target\":[\"https:\/\/aaadmj.com\/publicacoes\"]}]},{\"@type\":\"ImageObject\",\"inLanguage\":\"en-GB\",\"@id\":\"https:\/\/aaadmj.com\/publicacoes#primaryimage\",\"url\":\"https:\/\/aaadmj.com\/wp-content\/uploads\/2024\/04\/close-up-opened-book-library.jpg\",\"contentUrl\":\"https:\/\/aaadmj.com\/wp-content\/uploads\/2024\/04\/close-up-opened-book-library.jpg\",\"width\":1920,\"height\":1281},{\"@type\":\"BreadcrumbList\",\"@id\":\"https:\/\/aaadmj.com\/publicacoes#breadcrumb\",\"itemListElement\":[{\"@type\":\"ListItem\",\"position\":1,\"name\":\"In\u00edcio\",\"item\":\"https:\/\/aaadmj.com\/\"},{\"@type\":\"ListItem\",\"position\":2,\"name\":\"Publica\u00e7\u00f5es\"}]},{\"@type\":\"WebSite\",\"@id\":\"https:\/\/aaadmj.com\/#website\",\"url\":\"https:\/\/aaadmj.com\/\",\"name\":\"AAADMJ - Associa\u00e7\u00e3o Atl\u00e2ntica de Apoio aos Doentes de Machado-Joseph\",\"description\":\"Institui\u00e7\u00e3o Particular de Solidariedade Social, com sede em Ponta Delgada, que tem por miss\u00e3o a representa\u00e7\u00e3o e defesa dos interesses gerais e coletivos dos portadores da doen\u00e7a de Machado-Joseph e seus familiares\",\"publisher\":{\"@id\":\"https:\/\/aaadmj.com\/#organization\"},\"potentialAction\":[{\"@type\":\"SearchAction\",\"target\":{\"@type\":\"EntryPoint\",\"urlTemplate\":\"https:\/\/aaadmj.com\/?s={search_term_string}\"},\"query-input\":\"required name=search_term_string\"}],\"inLanguage\":\"en-GB\"},{\"@type\":\"Organization\",\"@id\":\"https:\/\/aaadmj.com\/#organization\",\"name\":\"AAADMJ - Associa\u00e7\u00e3o Atl\u00e2ntica de Apoio aos Doentes de Machado-Joseph\",\"url\":\"https:\/\/aaadmj.com\/\",\"logo\":{\"@type\":\"ImageObject\",\"inLanguage\":\"en-GB\",\"@id\":\"https:\/\/aaadmj.com\/#\/schema\/logo\/image\/\",\"url\":\"https:\/\/aaadmj.com\/wp-content\/uploads\/2024\/01\/logo_aaadmj-01.png\",\"contentUrl\":\"https:\/\/aaadmj.com\/wp-content\/uploads\/2024\/01\/logo_aaadmj-01.png\",\"width\":851,\"height\":221,\"caption\":\"AAADMJ - Associa\u00e7\u00e3o Atl\u00e2ntica de Apoio aos Doentes de Machado-Joseph\"},\"image\":{\"@id\":\"https:\/\/aaadmj.com\/#\/schema\/logo\/image\/\"}}]}<\/script>\n<!-- \/ Yoast SEO plugin. -->","yoast_head_json":{"title":"Publica\u00e7\u00f5es - AAADMJ - Associa\u00e7\u00e3o Atl\u00e2ntica de Apoio aos Doentes de Machado-Joseph","description":"Aqui disp\u00f5e de publica\u00e7\u00f5es para download que lhe poder\u00e3o ser \u00fateis.","robots":{"index":"index","follow":"follow","max-snippet":"max-snippet:-1","max-image-preview":"max-image-preview:large","max-video-preview":"max-video-preview:-1"},"canonical":"https:\/\/aaadmj.com\/en\/publicacoes\/","og_locale":"en_GB","og_type":"article","og_title":"Publica\u00e7\u00f5es - AAADMJ - Associa\u00e7\u00e3o Atl\u00e2ntica de Apoio aos Doentes de Machado-Joseph","og_description":"Aqui disp\u00f5e de publica\u00e7\u00f5es para download que lhe poder\u00e3o ser \u00fateis.","og_url":"https:\/\/aaadmj.com\/en\/publicacoes\/","og_site_name":"AAADMJ - Associa\u00e7\u00e3o Atl\u00e2ntica de Apoio aos Doentes de Machado-Joseph","article_modified_time":"2024-04-26T23:59:56+00:00","og_image":[{"width":1920,"height":1281,"url":"https:\/\/aaadmj.com\/wp-content\/uploads\/2024\/04\/close-up-opened-book-library.jpg","type":"image\/jpeg"}],"twitter_card":"summary_large_image","twitter_title":"Publica\u00e7\u00f5es - AAADMJ - Associa\u00e7\u00e3o Atl\u00e2ntica de Apoio aos Doentes de Machado-Joseph","twitter_description":"Aqui disp\u00f5e de publica\u00e7\u00f5es para download que lhe poder\u00e3o ser \u00fateis.","twitter_image":"https:\/\/aaadmj.com\/wp-content\/uploads\/2024\/04\/close-up-opened-book-library.jpg","twitter_misc":{"Estimated reading time":"1 minute"},"schema":{"@context":"https:\/\/schema.org","@graph":[{"@type":"WebPage","@id":"https:\/\/aaadmj.com\/publicacoes\/","url":"https:\/\/aaadmj.com\/publicacoes","name":"Publica\u00e7\u00f5es - AAADMJ - Associa\u00e7\u00e3o Atl\u00e2ntica de Apoio aos Doentes de Machado-Joseph","isPartOf":{"@id":"https:\/\/aaadmj.com\/#website"},"primaryImageOfPage":{"@id":"https:\/\/aaadmj.com\/publicacoes#primaryimage"},"image":{"@id":"https:\/\/aaadmj.com\/publicacoes#primaryimage"},"thumbnailUrl":"https:\/\/aaadmj.com\/wp-content\/uploads\/2024\/04\/close-up-opened-book-library.jpg","datePublished":"2024-04-03T23:27:48+00:00","dateModified":"2024-04-26T23:59:56+00:00","description":"Aqui disp\u00f5e de publica\u00e7\u00f5es para download que lhe poder\u00e3o ser \u00fateis.","breadcrumb":{"@id":"https:\/\/aaadmj.com\/publicacoes#breadcrumb"},"inLanguage":"en-GB","potentialAction":[{"@type":"ReadAction","target":["https:\/\/aaadmj.com\/publicacoes"]}]},{"@type":"ImageObject","inLanguage":"en-GB","@id":"https:\/\/aaadmj.com\/publicacoes#primaryimage","url":"https:\/\/aaadmj.com\/wp-content\/uploads\/2024\/04\/close-up-opened-book-library.jpg","contentUrl":"https:\/\/aaadmj.com\/wp-content\/uploads\/2024\/04\/close-up-opened-book-library.jpg","width":1920,"height":1281},{"@type":"BreadcrumbList","@id":"https:\/\/aaadmj.com\/publicacoes#breadcrumb","itemListElement":[{"@type":"ListItem","position":1,"name":"In\u00edcio","item":"https:\/\/aaadmj.com\/"},{"@type":"ListItem","position":2,"name":"Publica\u00e7\u00f5es"}]},{"@type":"WebSite","@id":"https:\/\/aaadmj.com\/#website","url":"https:\/\/aaadmj.com\/","name":"AAADMJ - Associa\u00e7\u00e3o Atl\u00e2ntica de Apoio aos Doentes de Machado-Joseph","description":"Institui\u00e7\u00e3o Particular de Solidariedade Social, com sede em Ponta Delgada, que tem por miss\u00e3o a representa\u00e7\u00e3o e defesa dos interesses gerais e coletivos dos portadores da doen\u00e7a de Machado-Joseph e seus familiares","publisher":{"@id":"https:\/\/aaadmj.com\/#organization"},"potentialAction":[{"@type":"SearchAction","target":{"@type":"EntryPoint","urlTemplate":"https:\/\/aaadmj.com\/?s={search_term_string}"},"query-input":"required name=search_term_string"}],"inLanguage":"en-GB"},{"@type":"Organization","@id":"https:\/\/aaadmj.com\/#organization","name":"AAADMJ - Associa\u00e7\u00e3o Atl\u00e2ntica de Apoio aos Doentes de Machado-Joseph","url":"https:\/\/aaadmj.com\/","logo":{"@type":"ImageObject","inLanguage":"en-GB","@id":"https:\/\/aaadmj.com\/#\/schema\/logo\/image\/","url":"https:\/\/aaadmj.com\/wp-content\/uploads\/2024\/01\/logo_aaadmj-01.png","contentUrl":"https:\/\/aaadmj.com\/wp-content\/uploads\/2024\/01\/logo_aaadmj-01.png","width":851,"height":221,"caption":"AAADMJ - Associa\u00e7\u00e3o Atl\u00e2ntica de Apoio aos Doentes de Machado-Joseph"},"image":{"@id":"https:\/\/aaadmj.com\/#\/schema\/logo\/image\/"}}]}},"_links":{"self":[{"href":"https:\/\/aaadmj.com\/en\/wp-json\/wp\/v2\/pages\/2505","targetHints":{"allow":["GET"]}}],"collection":[{"href":"https:\/\/aaadmj.com\/en\/wp-json\/wp\/v2\/pages"}],"about":[{"href":"https:\/\/aaadmj.com\/en\/wp-json\/wp\/v2\/types\/page"}],"author":[{"embeddable":true,"href":"https:\/\/aaadmj.com\/en\/wp-json\/wp\/v2\/users\/1"}],"replies":[{"embeddable":true,"href":"https:\/\/aaadmj.com\/en\/wp-json\/wp\/v2\/comments?post=2505"}],"version-history":[{"count":0,"href":"https:\/\/aaadmj.com\/en\/wp-json\/wp\/v2\/pages\/2505\/revisions"}],"wp:featuredmedia":[{"embeddable":true,"href":"https:\/\/aaadmj.com\/en\/wp-json\/wp\/v2\/media\/2886"}],"wp:attachment":[{"href":"https:\/\/aaadmj.com\/en\/wp-json\/wp\/v2\/media?parent=2505"}],"curies":[{"name":"wp","href":"https:\/\/api.w.org\/{rel}","templated":true}]}}