{"id":2369,"date":"2024-03-28T00:58:47","date_gmt":"2024-03-28T01:58:47","guid":{"rendered":"https:\/\/aaadmj.pt\/?page_id=2369"},"modified":"2025-04-16T16:21:30","modified_gmt":"2025-04-16T16:21:30","slug":"esmi","status":"publish","type":"page","link":"https:\/\/aaadmj.com\/en\/esmi\/","title":{"rendered":"ESMI"},"content":{"rendered":"<div data-elementor-type=\"wp-page\" data-elementor-id=\"2369\" class=\"elementor elementor-2369\" data-elementor-post-type=\"page\">\n\t\t\t\t<div class=\"elementor-element elementor-element-7c8fc575 e-flex e-con-boxed e-con e-parent\" data-id=\"7c8fc575\" data-element_type=\"container\" data-settings=\"{&quot;background_background&quot;:&quot;classic&quot;}\">\n\t\t\t\t\t<div class=\"e-con-inner\">\n\t\t\t\t<div class=\"elementor-element elementor-element-22a93c76 elementor-widget elementor-widget-heading\" data-id=\"22a93c76\" data-element_type=\"widget\" data-widget_type=\"heading.default\">\n\t\t\t\t<div class=\"elementor-widget-container\">\n\t\t\t<style>\/*! elementor - v3.21.0 - 08-05-2024 *\/\n.elementor-heading-title{padding:0;margin:0;line-height:1}.elementor-widget-heading .elementor-heading-title[class*=elementor-size-]>a{color:inherit;font-size:inherit;line-height:inherit}.elementor-widget-heading .elementor-heading-title.elementor-size-small{font-size:15px}.elementor-widget-heading .elementor-heading-title.elementor-size-medium{font-size:19px}.elementor-widget-heading .elementor-heading-title.elementor-size-large{font-size:29px}.elementor-widget-heading .elementor-heading-title.elementor-size-xl{font-size:39px}.elementor-widget-heading .elementor-heading-title.elementor-size-xxl{font-size:59px}<\/style><h1 class=\"elementor-heading-title elementor-size-default\">ESMI<\/h1>\t\t<\/div>\n\t\t\t\t<\/div>\n\t\t\t\t<div class=\"elementor-element elementor-element-63caeae4 elementor-icon-list--layout-inline elementor-laptop-align-left elementor-tablet_extra-align-center elementor-list-item-link-full_width elementor-widget elementor-widget-icon-list\" data-id=\"63caeae4\" data-element_type=\"widget\" data-widget_type=\"icon-list.default\">\n\t\t\t\t<div class=\"elementor-widget-container\">\n\t\t\t<link rel=\"stylesheet\" href=\"https:\/\/aaadmj.com\/wp-content\/uploads\/elementor\/css\/custom-widget-icon-list.min.css?ver=1715656163\">\t\t<ul class=\"elementor-icon-list-items elementor-inline-items\">\n\t\t\t\t\t\t\t<li class=\"elementor-icon-list-item elementor-inline-item\">\n\t\t\t\t\t\t\t\t\t\t\t<a href=\"https:\/\/aaadmj.com\/en\">\n\n\t\t\t\t\t\t\t\t\t\t\t<span class=\"elementor-icon-list-text\">Home<\/span>\n\t\t\t\t\t\t\t\t\t\t\t<\/a>\n\t\t\t\t\t\t\t\t\t<\/li>\n\t\t\t\t\t\t\t\t<li class=\"elementor-icon-list-item elementor-inline-item\">\n\t\t\t\t\t\t\t\t\t\t\t<a href=\"https:\/\/aaadmj.com\/en\/esmi\/\">\n\n\t\t\t\t\t\t\t\t\t\t\t\t<span class=\"elementor-icon-list-icon\">\n\t\t\t\t\t\t\t<svg aria-hidden=\"true\" class=\"e-font-icon-svg e-fas-angle-right\" viewbox=\"0 0 256 512\" xmlns=\"http:\/\/www.w3.org\/2000\/svg\"><path d=\"M224.3 273l-136 136c-9.4 9.4-24.6 9.4-33.9 0l-22.6-22.6c-9.4-9.4-9.4-24.6 0-33.9l96.4-96.4-96.4-96.4c-9.4-9.4-9.4-24.6 0-33.9L54.3 103c9.4-9.4 24.6-9.4 33.9 0l136 136c9.5 9.4 9.5 24.6.1 34z\"><\/path><\/svg>\t\t\t\t\t\t<\/span>\n\t\t\t\t\t\t\t\t\t\t<span class=\"elementor-icon-list-text\">ESMI<\/span>\n\t\t\t\t\t\t\t\t\t\t\t<\/a>\n\t\t\t\t\t\t\t\t\t<\/li>\n\t\t\t\t\t\t<\/ul>\n\t\t\t\t<\/div>\n\t\t\t\t<\/div>\n\t\t\t\t\t<\/div>\n\t\t\t\t<\/div>\n\t\t<div class=\"elementor-element elementor-element-f466297 e-flex e-con-boxed e-con e-parent\" data-id=\"f466297\" data-element_type=\"container\">\n\t\t\t\t\t<div class=\"e-con-inner\">\n\t\t<div class=\"elementor-element elementor-element-5d5d941 e-flex e-con-boxed elementor-invisible e-con e-child\" data-id=\"5d5d941\" data-element_type=\"container\" data-settings=\"{&quot;animation&quot;:&quot;fadeInUp&quot;}\">\n\t\t\t\t\t<div class=\"e-con-inner\">\n\t\t\t\t<div class=\"elementor-element elementor-element-0e16b54 elementor-widget__width-initial elementor-widget elementor-widget-heading\" data-id=\"0e16b54\" data-element_type=\"widget\" data-widget_type=\"heading.default\">\n\t\t\t\t<div class=\"elementor-widget-container\">\n\t\t\t<h3 class=\"elementor-heading-title elementor-size-default\">European Initiative for Spino-Cerebellar Ataxia Type 3<\/h3>\t\t<\/div>\n\t\t\t\t<\/div>\n\t\t\t\t<div class=\"elementor-element elementor-element-87e914c elementor-widget elementor-widget-image\" data-id=\"87e914c\" data-element_type=\"widget\" data-widget_type=\"image.default\">\n\t\t\t\t<div class=\"elementor-widget-container\">\n\t\t\t<style>\/*! elementor - v3.21.0 - 08-05-2024 *\/\n.elementor-widget-image{text-align:center}.elementor-widget-image a{display:inline-block}.elementor-widget-image a img[src$=\".svg\"]{width:48px}.elementor-widget-image img{vertical-align:middle;display:inline-block}<\/style>\t\t\t\t\t\t\t\t\t\t<img fetchpriority=\"high\" decoding=\"async\" width=\"633\" height=\"279\" src=\"https:\/\/aaadmj.com\/wp-content\/uploads\/2024\/04\/ESMI.jpg\" class=\"attachment-large size-large wp-image-2869\" alt=\"\" srcset=\"https:\/\/aaadmj.com\/wp-content\/uploads\/2024\/04\/ESMI.jpg 633w, https:\/\/aaadmj.com\/wp-content\/uploads\/2024\/04\/ESMI-300x132.jpg 300w, https:\/\/aaadmj.com\/wp-content\/uploads\/2024\/04\/ESMI-18x8.jpg 18w\" sizes=\"(max-width: 633px) 100vw, 633px\" \/>\t\t\t\t\t\t\t\t\t\t\t\t\t<\/div>\n\t\t\t\t<\/div>\n\t\t\t\t<div class=\"elementor-element elementor-element-9aaea19 elementor-widget elementor-widget-text-editor\" data-id=\"9aaea19\" data-element_type=\"widget\" data-widget_type=\"text-editor.default\">\n\t\t\t\t<div class=\"elementor-widget-container\">\n\t\t\t<style>\/*! elementor - v3.21.0 - 08-05-2024 *\/\n.elementor-widget-text-editor.elementor-drop-cap-view-stacked .elementor-drop-cap{background-color:#69727d;color:#fff}.elementor-widget-text-editor.elementor-drop-cap-view-framed .elementor-drop-cap{color:#69727d;border:3px solid;background-color:transparent}.elementor-widget-text-editor:not(.elementor-drop-cap-view-default) .elementor-drop-cap{margin-top:8px}.elementor-widget-text-editor:not(.elementor-drop-cap-view-default) .elementor-drop-cap-letter{width:1em;height:1em}.elementor-widget-text-editor .elementor-drop-cap{float:left;text-align:center;line-height:1;font-size:50px}.elementor-widget-text-editor .elementor-drop-cap-letter{display:inline-block}<\/style>\t\t\t\t<p>We are partners in the ESMI (European Spino-Cerebellar Ataxia Type 3 Initiative), with the University of the Azores, whose main objectives are to follow up a group of people with DMJ (patients and those without symptoms) while simultaneously studying the clinical changes and the biochemical changes that are present in them.<\/p><p>Within the framework of ESMI, follow-up will be carried out simultaneously on several groups of patients at European level, using the same instruments and methodologies, in order to organise an international cohort (group of patients) ready to enter clinical trials (\u2018trial-ready cohort\u2019).<\/p><p>Para mais informa\u00e7\u00f5es consulte o seguinte LINK:\u00a0<a href=\"https:\/\/ataxia-esmi.eu\/pt\/\">https:\/\/ataxia-esmi.eu\/pt\/<\/a><\/p>\t\t\t\t\t\t<\/div>\n\t\t\t\t<\/div>\n\t\t\t\t\t<\/div>\n\t\t\t\t<\/div>\n\t\t\t\t\t<\/div>\n\t\t\t\t<\/div>\n\t\t<div class=\"elementor-element elementor-element-80648a0 e-flex e-con-boxed e-con e-parent\" data-id=\"80648a0\" data-element_type=\"container\">\n\t\t\t\t\t<div class=\"e-con-inner\">\n\t\t\t\t<div class=\"elementor-element elementor-element-10db546 elementor-widget elementor-widget-pdfjs_viewer\" data-id=\"10db546\" data-element_type=\"widget\" data-widget_type=\"pdfjs_viewer.default\">\n\t\t\t\t<div class=\"elementor-widget-container\">\n\t\t\t<iframe src=\"https:\/\/aaadmj.com\/wp-content\/plugins\/pdf-viewer-for-elementor\/assets\/pdfjs\/web\/viewer.html?file=https:\/\/aaadmj.com\/wp-content\/uploads\/2025\/04\/ESMI@Azores-Boletim-2.pdf&amp;embedded=true\" style=\"display: block; margin-left: auto; margin-right: auto; width: 640px; height: 1020px;\" frameborder=\"1\" marginheight=\"0px\" marginwidth=\"0px\" allowfullscreen><\/iframe>\t\t<\/div>\n\t\t\t\t<\/div>\n\t\t\t\t\t<\/div>\n\t\t\t\t<\/div>\n\t\t\t\t<\/div>","protected":false},"excerpt":{"rendered":"<p>Somos parceiros do ESMI (Iniciativa Europeia para a Ataxia Espino-Cerebelosa do tipo 3), com a Universidade dos A\u00e7ores, tem como objetivos principais fazer o seguimento de um grupo de portadores da DMJ.<\/p>","protected":false},"author":1,"featured_media":0,"parent":0,"menu_order":9,"comment_status":"closed","ping_status":"closed","template":"","meta":{"footnotes":""},"class_list":["post-2369","page","type-page","status-publish","hentry"],"yoast_head":"<!-- This site is optimized with the Yoast SEO plugin v22.6 - https:\/\/yoast.com\/wordpress\/plugins\/seo\/ -->\n<title>ESMI - AAADMJ - Associa\u00e7\u00e3o Atl\u00e2ntica de Apoio aos Doentes de Machado-Joseph<\/title>\n<meta name=\"description\" content=\"Somos parceiros do ESMI, com a Universidade dos A\u00e7ores, tem como objetivos principais fazer o seguimento de um grupo de portadores da DMJ.\" \/>\n<meta name=\"robots\" content=\"index, follow, max-snippet:-1, max-image-preview:large, max-video-preview:-1\" \/>\n<link rel=\"canonical\" href=\"https:\/\/aaadmj.com\/en\/esmi\/\" \/>\n<meta property=\"og:locale\" content=\"en_GB\" \/>\n<meta property=\"og:type\" content=\"article\" \/>\n<meta property=\"og:title\" content=\"ESMI - AAADMJ - Associa\u00e7\u00e3o Atl\u00e2ntica de Apoio aos Doentes de Machado-Joseph\" \/>\n<meta property=\"og:description\" content=\"Somos parceiros do ESMI, com a Universidade dos A\u00e7ores, tem como objetivos principais fazer o seguimento de um grupo de portadores da DMJ.\" \/>\n<meta property=\"og:url\" content=\"https:\/\/aaadmj.com\/en\/esmi\/\" \/>\n<meta property=\"og:site_name\" content=\"AAADMJ - Associa\u00e7\u00e3o Atl\u00e2ntica de Apoio aos Doentes de Machado-Joseph\" \/>\n<meta property=\"article:modified_time\" content=\"2025-04-16T16:21:30+00:00\" \/>\n<meta name=\"twitter:card\" content=\"summary_large_image\" \/>\n<meta name=\"twitter:title\" content=\"ESMI - AAADMJ - Associa\u00e7\u00e3o Atl\u00e2ntica de Apoio aos Doentes de Machado-Joseph\" \/>\n<meta name=\"twitter:description\" content=\"Somos parceiros do ESMI, com a Universidade dos A\u00e7ores, tem como objetivos principais fazer o seguimento de um grupo de portadores da DMJ.\" \/>\n<meta name=\"twitter:label1\" content=\"Estimated reading time\" \/>\n\t<meta name=\"twitter:data1\" content=\"1 minute\" \/>\n<script type=\"application\/ld+json\" class=\"yoast-schema-graph\">{\"@context\":\"https:\/\/schema.org\",\"@graph\":[{\"@type\":\"WebPage\",\"@id\":\"https:\/\/aaadmj.com\/esmi\/\",\"url\":\"https:\/\/aaadmj.com\/esmi\",\"name\":\"ESMI - AAADMJ - Associa\u00e7\u00e3o Atl\u00e2ntica de Apoio aos Doentes de Machado-Joseph\",\"isPartOf\":{\"@id\":\"https:\/\/aaadmj.com\/#website\"},\"primaryImageOfPage\":{\"@id\":\"https:\/\/aaadmj.com\/esmi#primaryimage\"},\"image\":{\"@id\":\"https:\/\/aaadmj.com\/esmi#primaryimage\"},\"thumbnailUrl\":\"https:\/\/aaadmj.com\/wp-content\/uploads\/2024\/04\/ESMI.jpg\",\"datePublished\":\"2024-03-28T01:58:47+00:00\",\"dateModified\":\"2025-04-16T16:21:30+00:00\",\"description\":\"Somos parceiros do ESMI, com a Universidade dos A\u00e7ores, tem como objetivos principais fazer o seguimento de um grupo de portadores da DMJ.\",\"breadcrumb\":{\"@id\":\"https:\/\/aaadmj.com\/esmi#breadcrumb\"},\"inLanguage\":\"en-GB\",\"potentialAction\":[{\"@type\":\"ReadAction\",\"target\":[\"https:\/\/aaadmj.com\/esmi\"]}]},{\"@type\":\"ImageObject\",\"inLanguage\":\"en-GB\",\"@id\":\"https:\/\/aaadmj.com\/esmi#primaryimage\",\"url\":\"https:\/\/aaadmj.com\/wp-content\/uploads\/2024\/04\/ESMI.jpg\",\"contentUrl\":\"https:\/\/aaadmj.com\/wp-content\/uploads\/2024\/04\/ESMI.jpg\"},{\"@type\":\"BreadcrumbList\",\"@id\":\"https:\/\/aaadmj.com\/esmi#breadcrumb\",\"itemListElement\":[{\"@type\":\"ListItem\",\"position\":1,\"name\":\"In\u00edcio\",\"item\":\"https:\/\/aaadmj.com\/\"},{\"@type\":\"ListItem\",\"position\":2,\"name\":\"ESMI\"}]},{\"@type\":\"WebSite\",\"@id\":\"https:\/\/aaadmj.com\/#website\",\"url\":\"https:\/\/aaadmj.com\/\",\"name\":\"AAADMJ - Associa\u00e7\u00e3o Atl\u00e2ntica de Apoio aos Doentes de Machado-Joseph\",\"description\":\"Institui\u00e7\u00e3o Particular de Solidariedade Social, com sede em Ponta Delgada, que tem por miss\u00e3o a representa\u00e7\u00e3o e defesa dos interesses gerais e coletivos dos portadores da doen\u00e7a de Machado-Joseph e seus familiares\",\"publisher\":{\"@id\":\"https:\/\/aaadmj.com\/#organization\"},\"potentialAction\":[{\"@type\":\"SearchAction\",\"target\":{\"@type\":\"EntryPoint\",\"urlTemplate\":\"https:\/\/aaadmj.com\/?s={search_term_string}\"},\"query-input\":\"required name=search_term_string\"}],\"inLanguage\":\"en-GB\"},{\"@type\":\"Organization\",\"@id\":\"https:\/\/aaadmj.com\/#organization\",\"name\":\"AAADMJ - Associa\u00e7\u00e3o Atl\u00e2ntica de Apoio aos Doentes de Machado-Joseph\",\"url\":\"https:\/\/aaadmj.com\/\",\"logo\":{\"@type\":\"ImageObject\",\"inLanguage\":\"en-GB\",\"@id\":\"https:\/\/aaadmj.com\/#\/schema\/logo\/image\/\",\"url\":\"https:\/\/aaadmj.com\/wp-content\/uploads\/2024\/01\/logo_aaadmj-01.png\",\"contentUrl\":\"https:\/\/aaadmj.com\/wp-content\/uploads\/2024\/01\/logo_aaadmj-01.png\",\"width\":851,\"height\":221,\"caption\":\"AAADMJ - Associa\u00e7\u00e3o Atl\u00e2ntica de Apoio aos Doentes de Machado-Joseph\"},\"image\":{\"@id\":\"https:\/\/aaadmj.com\/#\/schema\/logo\/image\/\"}}]}<\/script>\n<!-- \/ Yoast SEO plugin. -->","yoast_head_json":{"title":"ESMI - AAADMJ - Associa\u00e7\u00e3o Atl\u00e2ntica de Apoio aos Doentes de Machado-Joseph","description":"Somos parceiros do ESMI, com a Universidade dos A\u00e7ores, tem como objetivos principais fazer o seguimento de um grupo de portadores da DMJ.","robots":{"index":"index","follow":"follow","max-snippet":"max-snippet:-1","max-image-preview":"max-image-preview:large","max-video-preview":"max-video-preview:-1"},"canonical":"https:\/\/aaadmj.com\/en\/esmi\/","og_locale":"en_GB","og_type":"article","og_title":"ESMI - AAADMJ - Associa\u00e7\u00e3o Atl\u00e2ntica de Apoio aos Doentes de Machado-Joseph","og_description":"Somos parceiros do ESMI, com a Universidade dos A\u00e7ores, tem como objetivos principais fazer o seguimento de um grupo de portadores da DMJ.","og_url":"https:\/\/aaadmj.com\/en\/esmi\/","og_site_name":"AAADMJ - Associa\u00e7\u00e3o Atl\u00e2ntica de Apoio aos Doentes de Machado-Joseph","article_modified_time":"2025-04-16T16:21:30+00:00","twitter_card":"summary_large_image","twitter_title":"ESMI - AAADMJ - Associa\u00e7\u00e3o Atl\u00e2ntica de Apoio aos Doentes de Machado-Joseph","twitter_description":"Somos parceiros do ESMI, com a Universidade dos A\u00e7ores, tem como objetivos principais fazer o seguimento de um grupo de portadores da DMJ.","twitter_misc":{"Estimated reading time":"1 minute"},"schema":{"@context":"https:\/\/schema.org","@graph":[{"@type":"WebPage","@id":"https:\/\/aaadmj.com\/esmi\/","url":"https:\/\/aaadmj.com\/esmi","name":"ESMI - AAADMJ - Associa\u00e7\u00e3o Atl\u00e2ntica de Apoio aos Doentes de Machado-Joseph","isPartOf":{"@id":"https:\/\/aaadmj.com\/#website"},"primaryImageOfPage":{"@id":"https:\/\/aaadmj.com\/esmi#primaryimage"},"image":{"@id":"https:\/\/aaadmj.com\/esmi#primaryimage"},"thumbnailUrl":"https:\/\/aaadmj.com\/wp-content\/uploads\/2024\/04\/ESMI.jpg","datePublished":"2024-03-28T01:58:47+00:00","dateModified":"2025-04-16T16:21:30+00:00","description":"Somos parceiros do ESMI, com a Universidade dos A\u00e7ores, tem como objetivos principais fazer o seguimento de um grupo de portadores da DMJ.","breadcrumb":{"@id":"https:\/\/aaadmj.com\/esmi#breadcrumb"},"inLanguage":"en-GB","potentialAction":[{"@type":"ReadAction","target":["https:\/\/aaadmj.com\/esmi"]}]},{"@type":"ImageObject","inLanguage":"en-GB","@id":"https:\/\/aaadmj.com\/esmi#primaryimage","url":"https:\/\/aaadmj.com\/wp-content\/uploads\/2024\/04\/ESMI.jpg","contentUrl":"https:\/\/aaadmj.com\/wp-content\/uploads\/2024\/04\/ESMI.jpg"},{"@type":"BreadcrumbList","@id":"https:\/\/aaadmj.com\/esmi#breadcrumb","itemListElement":[{"@type":"ListItem","position":1,"name":"In\u00edcio","item":"https:\/\/aaadmj.com\/"},{"@type":"ListItem","position":2,"name":"ESMI"}]},{"@type":"WebSite","@id":"https:\/\/aaadmj.com\/#website","url":"https:\/\/aaadmj.com\/","name":"AAADMJ - Associa\u00e7\u00e3o Atl\u00e2ntica de Apoio aos Doentes de Machado-Joseph","description":"Institui\u00e7\u00e3o Particular de Solidariedade Social, com sede em Ponta Delgada, que tem por miss\u00e3o a representa\u00e7\u00e3o e defesa dos interesses gerais e coletivos dos portadores da doen\u00e7a de Machado-Joseph e seus familiares","publisher":{"@id":"https:\/\/aaadmj.com\/#organization"},"potentialAction":[{"@type":"SearchAction","target":{"@type":"EntryPoint","urlTemplate":"https:\/\/aaadmj.com\/?s={search_term_string}"},"query-input":"required name=search_term_string"}],"inLanguage":"en-GB"},{"@type":"Organization","@id":"https:\/\/aaadmj.com\/#organization","name":"AAADMJ - Associa\u00e7\u00e3o Atl\u00e2ntica de Apoio aos Doentes de Machado-Joseph","url":"https:\/\/aaadmj.com\/","logo":{"@type":"ImageObject","inLanguage":"en-GB","@id":"https:\/\/aaadmj.com\/#\/schema\/logo\/image\/","url":"https:\/\/aaadmj.com\/wp-content\/uploads\/2024\/01\/logo_aaadmj-01.png","contentUrl":"https:\/\/aaadmj.com\/wp-content\/uploads\/2024\/01\/logo_aaadmj-01.png","width":851,"height":221,"caption":"AAADMJ - Associa\u00e7\u00e3o Atl\u00e2ntica de Apoio aos Doentes de Machado-Joseph"},"image":{"@id":"https:\/\/aaadmj.com\/#\/schema\/logo\/image\/"}}]}},"_links":{"self":[{"href":"https:\/\/aaadmj.com\/en\/wp-json\/wp\/v2\/pages\/2369","targetHints":{"allow":["GET"]}}],"collection":[{"href":"https:\/\/aaadmj.com\/en\/wp-json\/wp\/v2\/pages"}],"about":[{"href":"https:\/\/aaadmj.com\/en\/wp-json\/wp\/v2\/types\/page"}],"author":[{"embeddable":true,"href":"https:\/\/aaadmj.com\/en\/wp-json\/wp\/v2\/users\/1"}],"replies":[{"embeddable":true,"href":"https:\/\/aaadmj.com\/en\/wp-json\/wp\/v2\/comments?post=2369"}],"version-history":[{"count":18,"href":"https:\/\/aaadmj.com\/en\/wp-json\/wp\/v2\/pages\/2369\/revisions"}],"predecessor-version":[{"id":3403,"href":"https:\/\/aaadmj.com\/en\/wp-json\/wp\/v2\/pages\/2369\/revisions\/3403"}],"wp:attachment":[{"href":"https:\/\/aaadmj.com\/en\/wp-json\/wp\/v2\/media?parent=2369"}],"curies":[{"name":"wp","href":"https:\/\/api.w.org\/{rel}","templated":true}]}}