{"id":1824,"date":"2024-02-19T14:17:17","date_gmt":"2024-02-19T15:17:17","guid":{"rendered":"https:\/\/aaadmj.pt\/?page_id=1824"},"modified":"2024-04-27T00:02:20","modified_gmt":"2024-04-27T00:02:20","slug":"docs","status":"publish","type":"page","link":"https:\/\/aaadmj.com\/en\/docs\/","title":{"rendered":"Documents"},"content":{"rendered":"<div data-elementor-type=\"wp-post\" data-elementor-id=\"1824\" class=\"elementor elementor-1824\" data-elementor-post-type=\"page\">\n\t\t\t\t<div class=\"elementor-element elementor-element-4cfaa708 e-flex e-con-boxed e-con e-parent\" data-id=\"4cfaa708\" data-element_type=\"container\" data-settings=\"{&quot;background_background&quot;:&quot;classic&quot;}\">\n\t\t\t\t\t<div class=\"e-con-inner\">\n\t\t\t\t<div class=\"elementor-element elementor-element-7d8b78b1 elementor-widget elementor-widget-heading\" data-id=\"7d8b78b1\" data-element_type=\"widget\" data-widget_type=\"heading.default\">\n\t\t\t\t<div class=\"elementor-widget-container\">\n\t\t\t<style>\/*! elementor - v3.21.0 - 08-05-2024 *\/\n.elementor-heading-title{padding:0;margin:0;line-height:1}.elementor-widget-heading .elementor-heading-title[class*=elementor-size-]>a{color:inherit;font-size:inherit;line-height:inherit}.elementor-widget-heading .elementor-heading-title.elementor-size-small{font-size:15px}.elementor-widget-heading .elementor-heading-title.elementor-size-medium{font-size:19px}.elementor-widget-heading .elementor-heading-title.elementor-size-large{font-size:29px}.elementor-widget-heading .elementor-heading-title.elementor-size-xl{font-size:39px}.elementor-widget-heading .elementor-heading-title.elementor-size-xxl{font-size:59px}<\/style><h2 class=\"elementor-heading-title elementor-size-default\">Documents<\/h2>\t\t<\/div>\n\t\t\t\t<\/div>\n\t\t\t\t<div class=\"elementor-element elementor-element-774512ad elementor-icon-list--layout-inline elementor-laptop-align-left elementor-tablet_extra-align-center elementor-list-item-link-full_width elementor-widget elementor-widget-icon-list\" data-id=\"774512ad\" data-element_type=\"widget\" data-widget_type=\"icon-list.default\">\n\t\t\t\t<div class=\"elementor-widget-container\">\n\t\t\t<link rel=\"stylesheet\" href=\"https:\/\/aaadmj.com\/wp-content\/uploads\/elementor\/css\/custom-widget-icon-list.min.css?ver=1715656163\">\t\t<ul class=\"elementor-icon-list-items elementor-inline-items\">\n\t\t\t\t\t\t\t<li class=\"elementor-icon-list-item elementor-inline-item\">\n\t\t\t\t\t\t\t\t\t\t\t<a href=\"https:\/\/aaadmj.com\/en\">\n\n\t\t\t\t\t\t\t\t\t\t\t<span class=\"elementor-icon-list-text\">Home<\/span>\n\t\t\t\t\t\t\t\t\t\t\t<\/a>\n\t\t\t\t\t\t\t\t\t<\/li>\n\t\t\t\t\t\t\t\t<li class=\"elementor-icon-list-item elementor-inline-item\">\n\t\t\t\t\t\t\t\t\t\t\t<a href=\"https:\/\/aaadmj.com\/en\/docs\/\">\n\n\t\t\t\t\t\t\t\t\t\t\t\t<span class=\"elementor-icon-list-icon\">\n\t\t\t\t\t\t\t<svg aria-hidden=\"true\" class=\"e-font-icon-svg e-fas-angle-right\" viewbox=\"0 0 256 512\" xmlns=\"http:\/\/www.w3.org\/2000\/svg\"><path d=\"M224.3 273l-136 136c-9.4 9.4-24.6 9.4-33.9 0l-22.6-22.6c-9.4-9.4-9.4-24.6 0-33.9l96.4-96.4-96.4-96.4c-9.4-9.4-9.4-24.6 0-33.9L54.3 103c9.4-9.4 24.6-9.4 33.9 0l136 136c9.5 9.4 9.5 24.6.1 34z\"><\/path><\/svg>\t\t\t\t\t\t<\/span>\n\t\t\t\t\t\t\t\t\t\t<span class=\"elementor-icon-list-text\">Documents<\/span>\n\t\t\t\t\t\t\t\t\t\t\t<\/a>\n\t\t\t\t\t\t\t\t\t<\/li>\n\t\t\t\t\t\t<\/ul>\n\t\t\t\t<\/div>\n\t\t\t\t<\/div>\n\t\t\t\t\t<\/div>\n\t\t\t\t<\/div>\n\t\t<div class=\"elementor-element elementor-element-73009bc e-flex e-con-boxed elementor-invisible e-con e-parent\" data-id=\"73009bc\" data-element_type=\"container\" data-settings=\"{&quot;animation&quot;:&quot;fadeInUp&quot;}\">\n\t\t\t\t\t<div class=\"e-con-inner\">\n\t\t\t\t<div class=\"elementor-element elementor-element-4be6526 elementor-widget elementor-widget-shortcode\" data-id=\"4be6526\" data-element_type=\"widget\" data-widget_type=\"shortcode.default\">\n\t\t\t\t<div class=\"elementor-widget-container\">\n\t\t\t\t\t<div class=\"elementor-shortcode\"><div class=\"shared-files-embed-69e84c5056a97 shared-files-main-container\" data-elem-class=\"shared-files-embed-69e84c5056a97\"><div id=\"shared-files-default\" class=\"shared-files-container shared-files-type-basic shared-files-2-cards-on-the-same-row\"><div class=\"shared-files-search\"><div class=\"shared-files-files-found\"><\/div><span class=\"shared-files-one-file-found\">file found.<\/span><span class=\"shared-files-more-than-one-file-found\">files found.<\/span><ul class=\"shared-files-main-file-list shared-files-ajax-list\"><li class=\"shared-files-card-3564\"><div class=\"shared-files-main-elements\"><div class=\"shared-files-main-elements-left\" style=\"background-image: url(https:\/\/aaadmj.com\/wp-content\/plugins\/shared-files\/img\/2020\/pdf.svg);\"><\/div><div class=\"shared-files-main-elements-right\"><a class=\"shared-files-file-title\"  data-file-type=\"\"  data-file-url=\"\/docs\/shared-files\/3564\/?Apresenta\u00e7\u00e3o%20de%20Contas%20de%20Exerc\u00edcio%20de%202025.pdf\"  data-external-url=\"\"  data-image-url=\"\" href=\"\/en\/docs\/shared-files\/3564\/?Apresenta\u00e7\u00e3o de Contas de Exerc\u00edcio de 2025.pdf\" target=\"_blank\">Apresenta\u00e7\u00e3o de Contas de Exerc\u00edcio de 2025<\/a><span class=\"shared-file-size\">7.36 MB<\/span><span class=\"shared-file-date\">9 de April, 2026<\/span><div class=\"shared-files-download-counter\"><span>Downloads: 9<\/span><\/div><div class=\"shared-files-tags-container\"><span>2025<\/span><span>AAADMJ<\/span><span>Assembleia Geral<\/span><span>contas<\/span><\/div><div class=\"shared-file-description-container\"><\/div><div class=\"shared-files-download-button-container\"><a href=\"\/en\/docs\/shared-files\/3564\/?Apresenta\u00e7\u00e3o de Contas de Exerc\u00edcio de 2025.pdf&download=1\" class=\"shared-files-download-button\"  download>Download<\/a><\/div><div class=\"shared-files-edit-actions\"><\/div><\/div><\/div><\/li><li class=\"shared-files-card-3412\"><div class=\"shared-files-main-elements\"><div class=\"shared-files-main-elements-left\" style=\"background-image: url(https:\/\/aaadmj.com\/wp-content\/plugins\/shared-files\/img\/2020\/pdf.svg);\"><\/div><div class=\"shared-files-main-elements-right\"><a class=\"shared-files-file-title\"  data-file-type=\"\"  data-file-url=\"\/docs\/shared-files\/3412\/?Apresenta\u00e7\u00e3o%20do%20exercico%20de%20contas%20do%20ano%202024.pdf\"  data-external-url=\"\"  data-image-url=\"\" href=\"\/en\/docs\/shared-files\/3412\/?Apresenta\u00e7\u00e3o do exercico de contas do ano 2024.pdf\" target=\"_blank\">Apresenta\u00e7\u00e3o de Contas de Exerc\u00edcio de 2024<\/a><span class=\"shared-file-size\">20.59 MB<\/span><span class=\"shared-file-date\">19 de May, 2025<\/span><div class=\"shared-files-download-counter\"><span>Downloads: 372<\/span><\/div><div class=\"shared-files-tags-container\"><span>2024<\/span><span>contas<\/span><span>contas 2024<\/span><\/div><div class=\"shared-file-description-container\"><\/div><div class=\"shared-files-download-button-container\"><a href=\"\/en\/docs\/shared-files\/3412\/?Apresenta\u00e7\u00e3o do exercico de contas do ano 2024.pdf&download=1\" class=\"shared-files-download-button\"  download>Download<\/a><\/div><div class=\"shared-files-edit-actions\"><\/div><\/div><\/div><\/li><li class=\"shared-files-card-3393\"><div class=\"shared-files-main-elements\"><div class=\"shared-files-main-elements-left\" style=\"background-image: url(https:\/\/aaadmj.com\/wp-content\/plugins\/shared-files\/img\/2020\/pdf.svg);\"><\/div><div class=\"shared-files-main-elements-right\"><a class=\"shared-files-file-title\"  data-file-type=\"\"  data-file-url=\"\/docs\/shared-files\/3393\/?Assembleia%20Geral%20Extraordin\u00e1ria.pdf\"  data-external-url=\"\"  data-image-url=\"\" href=\"\/en\/docs\/shared-files\/3393\/?Assembleia Geral Extraordin\u00e1ria.pdf\" target=\"_blank\">Extraordinary General Meeting<\/a><span class=\"shared-file-size\">951.54 KB<\/span><span class=\"shared-file-date\">15 de April, 2025<\/span><div class=\"shared-files-download-counter\"><span>Downloads: 442<\/span><\/div><div class=\"shared-files-tags-container\"><span>Assembleia extraordin\u00e1ria<\/span><span>elei\u00e7\u00f5ies<\/span><span>quadri\u00e9nio 2025-2028<\/span><\/div><div class=\"shared-file-description-container\"><\/div><div class=\"shared-files-download-button-container\"><a href=\"\/en\/docs\/shared-files\/3393\/?Assembleia Geral Extraordin\u00e1ria.pdf&download=1\" class=\"shared-files-download-button\"  download>Download<\/a><\/div><div class=\"shared-files-edit-actions\"><\/div><\/div><\/div><\/li><li class=\"shared-files-card-3373\"><div class=\"shared-files-main-elements\"><div class=\"shared-files-main-elements-left\" style=\"background-image: url(https:\/\/aaadmj.com\/wp-content\/plugins\/shared-files\/img\/2020\/pdf.svg);\"><\/div><div class=\"shared-files-main-elements-right\"><a class=\"shared-files-file-title\"  data-file-type=\"\"  data-file-url=\"\/docs\/shared-files\/3373\/?Comunicado%20Ato%20Eleitoral%202025.pdf\"  data-external-url=\"\"  data-image-url=\"\" href=\"\/en\/docs\/shared-files\/3373\/?Comunicado Ato Eleitoral 2025.pdf\" target=\"_blank\">Announcement Electoral Act 2025<\/a><span class=\"shared-file-size\">357.42 KB<\/span><span class=\"shared-file-date\">3 de April, 2025<\/span><div class=\"shared-files-download-counter\"><span>Downloads: 384<\/span><\/div><div class=\"shared-file-description-container\"><\/div><div class=\"shared-files-download-button-container\"><a href=\"\/en\/docs\/shared-files\/3373\/?Comunicado Ato Eleitoral 2025.pdf&download=1\" class=\"shared-files-download-button\"  download>Download<\/a><\/div><div class=\"shared-files-edit-actions\"><\/div><\/div><\/div><\/li><li class=\"shared-files-card-3372\"><div class=\"shared-files-main-elements\"><div class=\"shared-files-main-elements-left\" style=\"background-image: url(https:\/\/aaadmj.com\/wp-content\/plugins\/shared-files\/img\/2020\/pdf.svg);\"><\/div><div class=\"shared-files-main-elements-right\"><a class=\"shared-files-file-title\"  data-file-type=\"\"  data-file-url=\"\/docs\/shared-files\/3372\/?Convocatoria-Assembleia-Geral-Ordinaria-mar\u00e7o-2025.pdf\"  data-external-url=\"\"  data-image-url=\"\" href=\"\/en\/docs\/shared-files\/3372\/?Convocatoria-Assembleia-Geral-Ordinaria-mar\u00e7o-2025.pdf\" target=\"_blank\">Annual General Meeting March 2025<\/a><span class=\"shared-file-size\">42.61 KB<\/span><span class=\"shared-file-date\">3 de April, 2025<\/span><div class=\"shared-files-download-counter\"><span>Downloads: 462<\/span><\/div><div class=\"shared-files-tags-container\"><span>2025<\/span><span>Assembleia Geral<\/span><\/div><div class=\"shared-file-description-container\"><\/div><div class=\"shared-files-download-button-container\"><a href=\"\/en\/docs\/shared-files\/3372\/?Convocatoria-Assembleia-Geral-Ordinaria-mar\u00e7o-2025.pdf&download=1\" class=\"shared-files-download-button\"  download>Download<\/a><\/div><div class=\"shared-files-edit-actions\"><\/div><\/div><\/div><\/li><li class=\"shared-files-card-3297\"><div class=\"shared-files-main-elements\"><div class=\"shared-files-main-elements-left\" style=\"background-image: url(https:\/\/aaadmj.com\/wp-content\/plugins\/shared-files\/img\/2020\/pdf.svg);\"><\/div><div class=\"shared-files-main-elements-right\"><a class=\"shared-files-file-title\"  data-file-type=\"\"  data-file-url=\"\/docs\/shared-files\/3297\/?Convocat\u00f3ria%20de%20Assembleia%20Geral%20Ordin\u00e1ria.pdf\"  data-external-url=\"\"  data-image-url=\"\" href=\"\/en\/docs\/shared-files\/3297\/?Convocat\u00f3ria de Assembleia Geral Ordin\u00e1ria.pdf\" target=\"_blank\">Annual General Meeting<\/a><span class=\"shared-file-size\">1.85 MB<\/span><span class=\"shared-file-date\">11 de November, 2024<\/span><div class=\"shared-files-download-counter\"><span>Downloads: 460<\/span><\/div><div class=\"shared-file-description-container\"><\/div><div class=\"shared-files-download-button-container\"><a href=\"\/en\/docs\/shared-files\/3297\/?Convocat\u00f3ria de Assembleia Geral Ordin\u00e1ria.pdf&download=1\" class=\"shared-files-download-button\"  download>Download<\/a><\/div><div class=\"shared-files-edit-actions\"><\/div><\/div><\/div><\/li><li class=\"shared-files-card-3167\"><div class=\"shared-files-main-elements\"><div class=\"shared-files-main-elements-left\" style=\"background-image: url(https:\/\/aaadmj.com\/wp-content\/plugins\/shared-files\/img\/2020\/pdf.svg);\"><\/div><div class=\"shared-files-main-elements-right\"><a class=\"shared-files-file-title\"  data-file-type=\"\"  data-file-url=\"\/docs\/shared-files\/3167\/?Apresenta\u00e7\u00e3o%20de%20Contas%20do%20Exerc\u00edcio%20de%202023.pdf\"  data-external-url=\"\"  data-image-url=\"\" href=\"\/en\/docs\/shared-files\/3167\/?Apresenta\u00e7\u00e3o de Contas do Exerc\u00edcio de 2023.pdf\" target=\"_blank\">Presentation of the 2023 Financial Statements<\/a><span class=\"shared-file-size\">13.81 MB<\/span><span class=\"shared-file-date\">10 de May, 2024<\/span><div class=\"shared-files-download-counter\"><span>Downloads: 762<\/span><\/div><div class=\"shared-files-tags-container\"><span>2023<\/span><\/div><div class=\"shared-file-description-container\"><\/div><div class=\"shared-files-download-button-container\"><a href=\"\/en\/docs\/shared-files\/3167\/?Apresenta\u00e7\u00e3o de Contas do Exerc\u00edcio de 2023.pdf&download=1\" class=\"shared-files-download-button\"  download>Download<\/a><\/div><div class=\"shared-files-edit-actions\"><\/div><\/div><\/div><\/li><\/ul><div class=\"shared-files-nothing-found\">No files found.<\/div><\/div><\/div><\/div><hr class=\"clear\" \/><\/div>\n\t\t\t\t<\/div>\n\t\t\t\t<\/div>\n\t\t\t\t\t<\/div>\n\t\t\t\t<\/div>\n\t\t<div class=\"elementor-element elementor-element-4068b880 e-flex e-con-boxed e-con e-parent\" data-id=\"4068b880\" data-element_type=\"container\" data-settings=\"{&quot;background_background&quot;:&quot;classic&quot;,&quot;shape_divider_top&quot;:&quot;pyramids&quot;}\">\n\t\t\t\t\t<div class=\"e-con-inner\">\n\t\t\t\t<div class=\"elementor-shape elementor-shape-top\" data-negative=\"false\">\n\t\t\t<svg xmlns=\"http:\/\/www.w3.org\/2000\/svg\" viewbox=\"0 0 1000 100\" preserveaspectratio=\"none\">\n\t<path class=\"elementor-shape-fill\" d=\"M761.9,44.1L643.1,27.2L333.8,98L0,3.8V0l1000,0v3.9\"\/>\n<\/svg>\t\t<\/div>\n\t\t\t\t\t<\/div>\n\t\t\t\t<\/div>\n\t\t\t\t<\/div>","protected":false},"excerpt":{"rendered":"<p>Aqui disp\u00f5e de documentos para download que lhe poder\u00e3o ser \u00fateis.<\/p>","protected":false},"author":1,"featured_media":2553,"parent":0,"menu_order":5,"comment_status":"closed","ping_status":"closed","template":"","meta":{"footnotes":""},"class_list":["post-1824","page","type-page","status-publish","has-post-thumbnail","hentry"],"yoast_head":"<!-- This site is optimized with the Yoast SEO plugin v22.6 - https:\/\/yoast.com\/wordpress\/plugins\/seo\/ -->\n<title>Documentos - AAADMJ - Associa\u00e7\u00e3o Atl\u00e2ntica de Apoio aos Doentes de Machado-Joseph<\/title>\n<meta name=\"description\" content=\"Aqui disp\u00f5e de documentos para download que lhe poder\u00e3o ser \u00fateis.\" \/>\n<meta name=\"robots\" content=\"index, follow, max-snippet:-1, max-image-preview:large, max-video-preview:-1\" \/>\n<link rel=\"canonical\" href=\"https:\/\/aaadmj.com\/en\/docs\/\" \/>\n<meta property=\"og:locale\" content=\"en_GB\" \/>\n<meta property=\"og:type\" content=\"article\" \/>\n<meta property=\"og:title\" content=\"Documentos - AAADMJ - Associa\u00e7\u00e3o Atl\u00e2ntica de Apoio aos Doentes de Machado-Joseph\" \/>\n<meta property=\"og:description\" content=\"Aqui disp\u00f5e de documentos para download que lhe poder\u00e3o ser \u00fateis.\" \/>\n<meta property=\"og:url\" content=\"https:\/\/aaadmj.com\/en\/docs\/\" \/>\n<meta property=\"og:site_name\" content=\"AAADMJ - Associa\u00e7\u00e3o Atl\u00e2ntica de Apoio aos Doentes de Machado-Joseph\" \/>\n<meta property=\"article:modified_time\" content=\"2024-04-27T00:02:20+00:00\" \/>\n<meta property=\"og:image\" content=\"https:\/\/aaadmj.com\/wp-content\/uploads\/2024\/04\/AAADMJ-Associcao-Fotografias-Alta-Resolucao-154.jpg\" \/>\n\t<meta property=\"og:image:width\" content=\"1920\" \/>\n\t<meta property=\"og:image:height\" content=\"1280\" \/>\n\t<meta property=\"og:image:type\" content=\"image\/jpeg\" \/>\n<meta name=\"twitter:card\" content=\"summary_large_image\" \/>\n<meta name=\"twitter:title\" content=\"Documentos - AAADMJ - Associa\u00e7\u00e3o Atl\u00e2ntica de Apoio aos Doentes de Machado-Joseph\" \/>\n<meta name=\"twitter:description\" content=\"Aqui disp\u00f5e de documentos para download que lhe poder\u00e3o ser \u00fateis.\" \/>\n<meta name=\"twitter:image\" content=\"https:\/\/aaadmj.com\/wp-content\/uploads\/2024\/04\/AAADMJ-Associcao-Fotografias-Alta-Resolucao-154.jpg\" \/>\n<meta name=\"twitter:label1\" content=\"Estimated reading time\" \/>\n\t<meta name=\"twitter:data1\" content=\"1 minute\" \/>\n<script type=\"application\/ld+json\" class=\"yoast-schema-graph\">{\"@context\":\"https:\/\/schema.org\",\"@graph\":[{\"@type\":\"WebPage\",\"@id\":\"https:\/\/aaadmj.com\/docs\/\",\"url\":\"https:\/\/aaadmj.com\/docs\",\"name\":\"Documentos - AAADMJ - Associa\u00e7\u00e3o Atl\u00e2ntica de Apoio aos Doentes de Machado-Joseph\",\"isPartOf\":{\"@id\":\"https:\/\/aaadmj.com\/#website\"},\"primaryImageOfPage\":{\"@id\":\"https:\/\/aaadmj.com\/docs#primaryimage\"},\"image\":{\"@id\":\"https:\/\/aaadmj.com\/docs#primaryimage\"},\"thumbnailUrl\":\"https:\/\/aaadmj.com\/wp-content\/uploads\/2024\/04\/AAADMJ-Associcao-Fotografias-Alta-Resolucao-154.jpg\",\"datePublished\":\"2024-02-19T15:17:17+00:00\",\"dateModified\":\"2024-04-27T00:02:20+00:00\",\"description\":\"Aqui disp\u00f5e de documentos para download que lhe poder\u00e3o ser \u00fateis.\",\"breadcrumb\":{\"@id\":\"https:\/\/aaadmj.com\/docs#breadcrumb\"},\"inLanguage\":\"en-GB\",\"potentialAction\":[{\"@type\":\"ReadAction\",\"target\":[\"https:\/\/aaadmj.com\/docs\"]}]},{\"@type\":\"ImageObject\",\"inLanguage\":\"en-GB\",\"@id\":\"https:\/\/aaadmj.com\/docs#primaryimage\",\"url\":\"https:\/\/aaadmj.com\/wp-content\/uploads\/2024\/04\/AAADMJ-Associcao-Fotografias-Alta-Resolucao-154.jpg\",\"contentUrl\":\"https:\/\/aaadmj.com\/wp-content\/uploads\/2024\/04\/AAADMJ-Associcao-Fotografias-Alta-Resolucao-154.jpg\",\"width\":1920,\"height\":1280},{\"@type\":\"BreadcrumbList\",\"@id\":\"https:\/\/aaadmj.com\/docs#breadcrumb\",\"itemListElement\":[{\"@type\":\"ListItem\",\"position\":1,\"name\":\"In\u00edcio\",\"item\":\"https:\/\/aaadmj.com\/\"},{\"@type\":\"ListItem\",\"position\":2,\"name\":\"Documentos\"}]},{\"@type\":\"WebSite\",\"@id\":\"https:\/\/aaadmj.com\/#website\",\"url\":\"https:\/\/aaadmj.com\/\",\"name\":\"AAADMJ - Associa\u00e7\u00e3o Atl\u00e2ntica de Apoio aos Doentes de Machado-Joseph\",\"description\":\"Institui\u00e7\u00e3o Particular de Solidariedade Social, com sede em Ponta Delgada, que tem por miss\u00e3o a representa\u00e7\u00e3o e defesa dos interesses gerais e coletivos dos portadores da doen\u00e7a de Machado-Joseph e seus familiares\",\"publisher\":{\"@id\":\"https:\/\/aaadmj.com\/#organization\"},\"potentialAction\":[{\"@type\":\"SearchAction\",\"target\":{\"@type\":\"EntryPoint\",\"urlTemplate\":\"https:\/\/aaadmj.com\/?s={search_term_string}\"},\"query-input\":\"required name=search_term_string\"}],\"inLanguage\":\"en-GB\"},{\"@type\":\"Organization\",\"@id\":\"https:\/\/aaadmj.com\/#organization\",\"name\":\"AAADMJ - Associa\u00e7\u00e3o Atl\u00e2ntica de Apoio aos Doentes de Machado-Joseph\",\"url\":\"https:\/\/aaadmj.com\/\",\"logo\":{\"@type\":\"ImageObject\",\"inLanguage\":\"en-GB\",\"@id\":\"https:\/\/aaadmj.com\/#\/schema\/logo\/image\/\",\"url\":\"https:\/\/aaadmj.com\/wp-content\/uploads\/2024\/01\/logo_aaadmj-01.png\",\"contentUrl\":\"https:\/\/aaadmj.com\/wp-content\/uploads\/2024\/01\/logo_aaadmj-01.png\",\"width\":851,\"height\":221,\"caption\":\"AAADMJ - Associa\u00e7\u00e3o Atl\u00e2ntica de Apoio aos Doentes de Machado-Joseph\"},\"image\":{\"@id\":\"https:\/\/aaadmj.com\/#\/schema\/logo\/image\/\"}}]}<\/script>\n<!-- \/ Yoast SEO plugin. -->","yoast_head_json":{"title":"Documentos - AAADMJ - Associa\u00e7\u00e3o Atl\u00e2ntica de Apoio aos Doentes de Machado-Joseph","description":"Aqui disp\u00f5e de documentos para download que lhe poder\u00e3o ser \u00fateis.","robots":{"index":"index","follow":"follow","max-snippet":"max-snippet:-1","max-image-preview":"max-image-preview:large","max-video-preview":"max-video-preview:-1"},"canonical":"https:\/\/aaadmj.com\/en\/docs\/","og_locale":"en_GB","og_type":"article","og_title":"Documentos - AAADMJ - Associa\u00e7\u00e3o Atl\u00e2ntica de Apoio aos Doentes de Machado-Joseph","og_description":"Aqui disp\u00f5e de documentos para download que lhe poder\u00e3o ser \u00fateis.","og_url":"https:\/\/aaadmj.com\/en\/docs\/","og_site_name":"AAADMJ - Associa\u00e7\u00e3o Atl\u00e2ntica de Apoio aos Doentes de Machado-Joseph","article_modified_time":"2024-04-27T00:02:20+00:00","og_image":[{"width":1920,"height":1280,"url":"https:\/\/aaadmj.com\/wp-content\/uploads\/2024\/04\/AAADMJ-Associcao-Fotografias-Alta-Resolucao-154.jpg","type":"image\/jpeg"}],"twitter_card":"summary_large_image","twitter_title":"Documentos - AAADMJ - Associa\u00e7\u00e3o Atl\u00e2ntica de Apoio aos Doentes de Machado-Joseph","twitter_description":"Aqui disp\u00f5e de documentos para download que lhe poder\u00e3o ser \u00fateis.","twitter_image":"https:\/\/aaadmj.com\/wp-content\/uploads\/2024\/04\/AAADMJ-Associcao-Fotografias-Alta-Resolucao-154.jpg","twitter_misc":{"Estimated reading time":"1 minute"},"schema":{"@context":"https:\/\/schema.org","@graph":[{"@type":"WebPage","@id":"https:\/\/aaadmj.com\/docs\/","url":"https:\/\/aaadmj.com\/docs","name":"Documentos - AAADMJ - Associa\u00e7\u00e3o Atl\u00e2ntica de Apoio aos Doentes de Machado-Joseph","isPartOf":{"@id":"https:\/\/aaadmj.com\/#website"},"primaryImageOfPage":{"@id":"https:\/\/aaadmj.com\/docs#primaryimage"},"image":{"@id":"https:\/\/aaadmj.com\/docs#primaryimage"},"thumbnailUrl":"https:\/\/aaadmj.com\/wp-content\/uploads\/2024\/04\/AAADMJ-Associcao-Fotografias-Alta-Resolucao-154.jpg","datePublished":"2024-02-19T15:17:17+00:00","dateModified":"2024-04-27T00:02:20+00:00","description":"Aqui disp\u00f5e de documentos para download que lhe poder\u00e3o ser \u00fateis.","breadcrumb":{"@id":"https:\/\/aaadmj.com\/docs#breadcrumb"},"inLanguage":"en-GB","potentialAction":[{"@type":"ReadAction","target":["https:\/\/aaadmj.com\/docs"]}]},{"@type":"ImageObject","inLanguage":"en-GB","@id":"https:\/\/aaadmj.com\/docs#primaryimage","url":"https:\/\/aaadmj.com\/wp-content\/uploads\/2024\/04\/AAADMJ-Associcao-Fotografias-Alta-Resolucao-154.jpg","contentUrl":"https:\/\/aaadmj.com\/wp-content\/uploads\/2024\/04\/AAADMJ-Associcao-Fotografias-Alta-Resolucao-154.jpg","width":1920,"height":1280},{"@type":"BreadcrumbList","@id":"https:\/\/aaadmj.com\/docs#breadcrumb","itemListElement":[{"@type":"ListItem","position":1,"name":"In\u00edcio","item":"https:\/\/aaadmj.com\/"},{"@type":"ListItem","position":2,"name":"Documentos"}]},{"@type":"WebSite","@id":"https:\/\/aaadmj.com\/#website","url":"https:\/\/aaadmj.com\/","name":"AAADMJ - Associa\u00e7\u00e3o Atl\u00e2ntica de Apoio aos Doentes de Machado-Joseph","description":"Institui\u00e7\u00e3o Particular de Solidariedade Social, com sede em Ponta Delgada, que tem por miss\u00e3o a representa\u00e7\u00e3o e defesa dos interesses gerais e coletivos dos portadores da doen\u00e7a de Machado-Joseph e seus familiares","publisher":{"@id":"https:\/\/aaadmj.com\/#organization"},"potentialAction":[{"@type":"SearchAction","target":{"@type":"EntryPoint","urlTemplate":"https:\/\/aaadmj.com\/?s={search_term_string}"},"query-input":"required name=search_term_string"}],"inLanguage":"en-GB"},{"@type":"Organization","@id":"https:\/\/aaadmj.com\/#organization","name":"AAADMJ - Associa\u00e7\u00e3o Atl\u00e2ntica de Apoio aos Doentes de Machado-Joseph","url":"https:\/\/aaadmj.com\/","logo":{"@type":"ImageObject","inLanguage":"en-GB","@id":"https:\/\/aaadmj.com\/#\/schema\/logo\/image\/","url":"https:\/\/aaadmj.com\/wp-content\/uploads\/2024\/01\/logo_aaadmj-01.png","contentUrl":"https:\/\/aaadmj.com\/wp-content\/uploads\/2024\/01\/logo_aaadmj-01.png","width":851,"height":221,"caption":"AAADMJ - Associa\u00e7\u00e3o Atl\u00e2ntica de Apoio aos Doentes de Machado-Joseph"},"image":{"@id":"https:\/\/aaadmj.com\/#\/schema\/logo\/image\/"}}]}},"_links":{"self":[{"href":"https:\/\/aaadmj.com\/en\/wp-json\/wp\/v2\/pages\/1824","targetHints":{"allow":["GET"]}}],"collection":[{"href":"https:\/\/aaadmj.com\/en\/wp-json\/wp\/v2\/pages"}],"about":[{"href":"https:\/\/aaadmj.com\/en\/wp-json\/wp\/v2\/types\/page"}],"author":[{"embeddable":true,"href":"https:\/\/aaadmj.com\/en\/wp-json\/wp\/v2\/users\/1"}],"replies":[{"embeddable":true,"href":"https:\/\/aaadmj.com\/en\/wp-json\/wp\/v2\/comments?post=1824"}],"version-history":[{"count":0,"href":"https:\/\/aaadmj.com\/en\/wp-json\/wp\/v2\/pages\/1824\/revisions"}],"wp:featuredmedia":[{"embeddable":true,"href":"https:\/\/aaadmj.com\/en\/wp-json\/wp\/v2\/media\/2553"}],"wp:attachment":[{"href":"https:\/\/aaadmj.com\/en\/wp-json\/wp\/v2\/media?parent=1824"}],"curies":[{"name":"wp","href":"https:\/\/api.w.org\/{rel}","templated":true}]}}