{"id":1459,"date":"2024-02-15T02:47:33","date_gmt":"2024-02-15T03:47:33","guid":{"rendered":"https:\/\/aaadmj.pt\/?page_id=1459"},"modified":"2024-05-16T16:36:20","modified_gmt":"2024-05-16T16:36:20","slug":"cookies-policy","status":"publish","type":"page","link":"https:\/\/aaadmj.com\/en\/cookies-policy\/","title":{"rendered":"Cookie policy"},"content":{"rendered":"<div data-elementor-type=\"wp-page\" data-elementor-id=\"1459\" class=\"elementor elementor-1459\" data-elementor-post-type=\"page\">\n\t\t\t\t<div class=\"elementor-element elementor-element-312d843 e-flex e-con-boxed e-con e-parent\" data-id=\"312d843\" data-element_type=\"container\" data-settings=\"{&quot;background_background&quot;:&quot;classic&quot;}\">\n\t\t\t\t\t<div class=\"e-con-inner\">\n\t\t\t\t<div class=\"elementor-element elementor-element-1c07bb83 elementor-widget elementor-widget-heading\" data-id=\"1c07bb83\" data-element_type=\"widget\" data-widget_type=\"heading.default\">\n\t\t\t\t<div class=\"elementor-widget-container\">\n\t\t\t<style>\/*! elementor - v3.21.0 - 08-05-2024 *\/\n.elementor-heading-title{padding:0;margin:0;line-height:1}.elementor-widget-heading .elementor-heading-title[class*=elementor-size-]>a{color:inherit;font-size:inherit;line-height:inherit}.elementor-widget-heading .elementor-heading-title.elementor-size-small{font-size:15px}.elementor-widget-heading .elementor-heading-title.elementor-size-medium{font-size:19px}.elementor-widget-heading .elementor-heading-title.elementor-size-large{font-size:29px}.elementor-widget-heading .elementor-heading-title.elementor-size-xl{font-size:39px}.elementor-widget-heading .elementor-heading-title.elementor-size-xxl{font-size:59px}<\/style><h1 class=\"elementor-heading-title elementor-size-default\">Cookie policy<\/h1>\t\t<\/div>\n\t\t\t\t<\/div>\n\t\t\t\t<div class=\"elementor-element elementor-element-671b96db elementor-icon-list--layout-inline elementor-laptop-align-left elementor-tablet_extra-align-center elementor-list-item-link-full_width elementor-widget elementor-widget-icon-list\" data-id=\"671b96db\" data-element_type=\"widget\" data-widget_type=\"icon-list.default\">\n\t\t\t\t<div class=\"elementor-widget-container\">\n\t\t\t<link rel=\"stylesheet\" href=\"https:\/\/aaadmj.com\/wp-content\/uploads\/elementor\/css\/custom-widget-icon-list.min.css?ver=1715656163\">\t\t<ul class=\"elementor-icon-list-items elementor-inline-items\">\n\t\t\t\t\t\t\t<li class=\"elementor-icon-list-item elementor-inline-item\">\n\t\t\t\t\t\t\t\t\t\t\t<a href=\"https:\/\/aaadmj.com\/en\">\n\n\t\t\t\t\t\t\t\t\t\t\t<span class=\"elementor-icon-list-text\">Home<\/span>\n\t\t\t\t\t\t\t\t\t\t\t<\/a>\n\t\t\t\t\t\t\t\t\t<\/li>\n\t\t\t\t\t\t\t\t<li class=\"elementor-icon-list-item elementor-inline-item\">\n\t\t\t\t\t\t\t\t\t\t\t<a href=\"https:\/\/aaadmj.com\/en\/cookies-policy\/\">\n\n\t\t\t\t\t\t\t\t\t\t\t\t<span class=\"elementor-icon-list-icon\">\n\t\t\t\t\t\t\t<svg aria-hidden=\"true\" class=\"e-font-icon-svg e-fas-angle-right\" viewbox=\"0 0 256 512\" xmlns=\"http:\/\/www.w3.org\/2000\/svg\"><path d=\"M224.3 273l-136 136c-9.4 9.4-24.6 9.4-33.9 0l-22.6-22.6c-9.4-9.4-9.4-24.6 0-33.9l96.4-96.4-96.4-96.4c-9.4-9.4-9.4-24.6 0-33.9L54.3 103c9.4-9.4 24.6-9.4 33.9 0l136 136c9.5 9.4 9.5 24.6.1 34z\"><\/path><\/svg>\t\t\t\t\t\t<\/span>\n\t\t\t\t\t\t\t\t\t\t<span class=\"elementor-icon-list-text\">Cookie policy<\/span>\n\t\t\t\t\t\t\t\t\t\t\t<\/a>\n\t\t\t\t\t\t\t\t\t<\/li>\n\t\t\t\t\t\t<\/ul>\n\t\t\t\t<\/div>\n\t\t\t\t<\/div>\n\t\t\t\t\t<\/div>\n\t\t\t\t<\/div>\n\t\t<div class=\"elementor-element elementor-element-26e2c1ef e-flex e-con-boxed elementor-invisible e-con e-parent\" data-id=\"26e2c1ef\" data-element_type=\"container\" data-settings=\"{&quot;animation&quot;:&quot;fadeInUp&quot;}\">\n\t\t\t\t\t<div class=\"e-con-inner\">\n\t\t\t\t<div class=\"elementor-element elementor-element-cf050a3 elementor-widget elementor-widget-heading\" data-id=\"cf050a3\" data-element_type=\"widget\" data-widget_type=\"heading.default\">\n\t\t\t\t<div class=\"elementor-widget-container\">\n\t\t\t<h2 class=\"elementor-heading-title elementor-size-default\">1 - WHAT ARE COOKIES?<\/h2>\t\t<\/div>\n\t\t\t\t<\/div>\n\t\t\t\t<div class=\"elementor-element elementor-element-4bdb9581 elementor-widget elementor-widget-text-editor\" data-id=\"4bdb9581\" data-element_type=\"widget\" data-widget_type=\"text-editor.default\">\n\t\t\t\t<div class=\"elementor-widget-container\">\n\t\t\t<style>\/*! elementor - v3.21.0 - 08-05-2024 *\/\n.elementor-widget-text-editor.elementor-drop-cap-view-stacked .elementor-drop-cap{background-color:#69727d;color:#fff}.elementor-widget-text-editor.elementor-drop-cap-view-framed .elementor-drop-cap{color:#69727d;border:3px solid;background-color:transparent}.elementor-widget-text-editor:not(.elementor-drop-cap-view-default) .elementor-drop-cap{margin-top:8px}.elementor-widget-text-editor:not(.elementor-drop-cap-view-default) .elementor-drop-cap-letter{width:1em;height:1em}.elementor-widget-text-editor .elementor-drop-cap{float:left;text-align:center;line-height:1;font-size:50px}.elementor-widget-text-editor .elementor-drop-cap-letter{display:inline-block}<\/style>\t\t\t\t<p>The cookies are small text files that a website, when visited by the user, places on their computer or mobile device through the internet browser (browser). The placement of cookies will help the site to recognize your device the next time the user visits it. <br \/><br \/>We use the term cookies in this policy to refer to all files that collect information in this way. Some cookies are essential to guarantee the functionalities provided, while others are intended to improve performance and user experience. You should not continue to access our website after the warning about cookies, if you do not agree with their use.<\/p>\t\t\t\t\t\t<\/div>\n\t\t\t\t<\/div>\n\t\t\t\t\t<\/div>\n\t\t\t\t<\/div>\n\t\t<div class=\"elementor-element elementor-element-2d29f86 e-flex e-con-boxed elementor-invisible e-con e-parent\" data-id=\"2d29f86\" data-element_type=\"container\" data-settings=\"{&quot;animation&quot;:&quot;fadeInUp&quot;}\">\n\t\t\t\t\t<div class=\"e-con-inner\">\n\t\t\t\t<div class=\"elementor-element elementor-element-83ee8f2 elementor-widget elementor-widget-heading\" data-id=\"83ee8f2\" data-element_type=\"widget\" data-widget_type=\"heading.default\">\n\t\t\t\t<div class=\"elementor-widget-container\">\n\t\t\t<h2 class=\"elementor-heading-title elementor-size-default\">2 - ACCEPT<\/h2>\t\t<\/div>\n\t\t\t\t<\/div>\n\t\t\t\t<div class=\"elementor-element elementor-element-f76a04b elementor-widget elementor-widget-text-editor\" data-id=\"f76a04b\" data-element_type=\"widget\" data-widget_type=\"text-editor.default\">\n\t\t\t\t<div class=\"elementor-widget-container\">\n\t\t\t\t\t\t\t<p>You may at any time choose to accept or refuse the installation of cookies on your terminal by configuring the navigation software.\u00a0<em>cookies\u00a0<\/em>no seu terminal, configurando o software de navega\u00e7\u00e3o.\u00a0<\/p>\n<p><b>2.1<\/b>\u00a0 If you accept cookies\u00a0<br \/>The registration of a cookie on your terminal depends on your will. At any time, you will be able to express and modify your choice free of charge through the options provided by your navigation software.\u00a0<\/p>\n<p>If you have accepted the recording of cookies on your terminal in the browser software you are using, the cookies integrated into the pages and contents you have consulted may be temporarily stored in a specific space on your terminal. There, they will only be readable by the issuer.\u00a0<\/p>\n<p><b>2.2<\/b>\u00a0 What is the point of accepting cookies?\u00a0<br \/>When you visit the www.aaadmj.com website, these cookies will record certain information that is stored on your terminal. This information serves, in particular, to offer you products based on the items you have already selected during your previous visits, and thus allow you to benefit from better navigation on our Site.<\/p>\t\t\t\t\t\t<\/div>\n\t\t\t\t<\/div>\n\t\t\t\t\t<\/div>\n\t\t\t\t<\/div>\n\t\t<div class=\"elementor-element elementor-element-aef754a e-flex e-con-boxed elementor-invisible e-con e-parent\" data-id=\"aef754a\" data-element_type=\"container\" data-settings=\"{&quot;animation&quot;:&quot;fadeInUp&quot;}\">\n\t\t\t\t\t<div class=\"e-con-inner\">\n\t\t\t\t<div class=\"elementor-element elementor-element-5434b83 elementor-widget elementor-widget-heading\" data-id=\"5434b83\" data-element_type=\"widget\" data-widget_type=\"heading.default\">\n\t\t\t\t<div class=\"elementor-widget-container\">\n\t\t\t<h2 class=\"elementor-heading-title elementor-size-default\">3 - REFUSE COOKIES<\/h2>\t\t<\/div>\n\t\t\t\t<\/div>\n\t\t\t\t<div class=\"elementor-element elementor-element-83a13cf elementor-widget elementor-widget-text-editor\" data-id=\"83a13cf\" data-element_type=\"widget\" data-widget_type=\"text-editor.default\">\n\t\t\t\t<div class=\"elementor-widget-container\">\n\t\t\t\t\t\t\t<p class=\" translation-block\"><b>3.1<\/b>   If you refuse cookies \nWhen you refuse cookies, we install however a cookie of \u201crefusal\u201d \u201c. This cookie allows us to remember your choice, so as to avoid asking you on each visit whether you wish to accept or refuse cookies.<\/p>\n<p class=\" translation-block\"><b>3.2<\/b>  Your browser configuration<br>\nThe configuration of cookie management depends on each browser and is present in your browser's help menu.<br><br><\/p>\n<div>\n<div>\n<div>\n<div>\n<div class=\" translation-block\"><b>In Internet Explorer<br><\/b>\nTo customize settings relating to cookies for a web page<br>\nIn Internet Explorer, click the Tools button and then Internet Options.<br>\nClick the Privacy tab and then Sites.<br>\nIn the Web Site Address space, enter the full address (URL) of the web page whose privacy settings you want to customize.<br>\nFor example, http:\/\/www.microsoft.com.<br>\nTo allow the registration of cookies from the specified web page on your computer, click Allow. To prohibit the registration of cookies from the specified web page on your computer, click Block.<br>\nRepeat steps 3 and 4 for each web page you want to block or allow. <br>When finished, click OK twice.<\/div>\n<\/div>\n<\/div>\n<\/div>\n<\/div>\n<div>\u00a0<\/div>\n<div>\n<div>\n<div>\n<div>\n<div class=\" translation-block\"><b>In Safari<br><\/b>\nGo to Preferences, click on the Privacy panel and then Manage Cookies.<\/div>\n<\/div>\n<\/div>\n<\/div>\n<\/div>\n<div>\u00a0<\/div>\n<div>\n<div>\n<div>\n<div>\n<div class=\" translation-block\"><b>In Chrome<br><\/b>\nClick on the Chrome menu located in the browser toolbar.<br>\nSelect Settings.<br>\nClick on Show advanced settings.<br>\nIn the \u201cPrivacy\u201d section , click on the Content settings button.<br>\nIn the \u201cCookies\u201d section you can modify the following settings:<br>\nDelete cookies <br>\nBlock cookies by default <br>\nAllow cookies by default<br>\nCreate exceptions for website cookies or specific domains.<\/div>\n<\/div>\n<\/div>\n<\/div>\n<\/div>\n<div>\u00a0<\/div>\n<div>\n<div>\n<div>\n<div>\n<div class=\" translation-block\"><b>In Firefox<br><\/b>\nClick the Tools button and then Options.<br>\nClick the Privacy tab.<br>\nIn History, select \u201cUse custom settings for history.\u201d.<br>\nCheck the \u201caccept cookies\u201d box and click on exceptions to choose the websites that will or will not have permission to install cookies on your terminal.<\/div>\n<\/div>\n<\/div>\n<\/div>\n<\/div>\n<div>\u00a0<\/div>\n<div>\n<div>\n<div>\n<div>\n<div class=\" translation-block\"><b>In Opera<\/b><br>\nPreferences &gt; Advanced&gt; Cookies <br>\nCookie preferences allow you to control how Opera manages cookies. The default setting is to accept all cookies.<br>\nAccept cookies <br>\n\u2013 All cookies are accepted (by default)<br>\nAccept cookies only from the site I visit <br>\n\u2013 Third party cookies, from a domain outside <br>the one you are visiting, will be refused<br>\nNever accept cookies <br>\n\u2013 All cookies will be refused<\/div>\n<\/div>\n<\/div>\n<\/div>\n<\/div>\t\t\t\t\t\t<\/div>\n\t\t\t\t<\/div>\n\t\t\t\t\t<\/div>\n\t\t\t\t<\/div>\n\t\t<div class=\"elementor-element elementor-element-fb7d459 e-flex e-con-boxed elementor-invisible e-con e-parent\" data-id=\"fb7d459\" data-element_type=\"container\" data-settings=\"{&quot;animation&quot;:&quot;fadeInUp&quot;}\">\n\t\t\t\t\t<div class=\"e-con-inner\">\n\t\t\t\t<div class=\"elementor-element elementor-element-b45a9b0 elementor-widget elementor-widget-heading\" data-id=\"b45a9b0\" data-element_type=\"widget\" data-widget_type=\"heading.default\">\n\t\t\t\t<div class=\"elementor-widget-container\">\n\t\t\t<h2 class=\"elementor-heading-title elementor-size-default\">4 - UPDATING THE LEGAL NOTICE<\/h2>\t\t<\/div>\n\t\t\t\t<\/div>\n\t\t\t\t<div class=\"elementor-element elementor-element-bd3fe5e elementor-widget elementor-widget-text-editor\" data-id=\"bd3fe5e\" data-element_type=\"widget\" data-widget_type=\"text-editor.default\">\n\t\t\t\t<div class=\"elementor-widget-container\">\n\t\t\t\t\t\t\t<p>AAADMJ reserves the right to make any changes or corrections to this cookie notification. Please check this page regularly to review the information and check for any updates.<\/p>\t\t\t\t\t\t<\/div>\n\t\t\t\t<\/div>\n\t\t\t\t<div class=\"elementor-element elementor-element-50e4a5e elementor-widget elementor-widget-text-editor\" data-id=\"50e4a5e\" data-element_type=\"widget\" data-widget_type=\"text-editor.default\">\n\t\t\t\t<div class=\"elementor-widget-container\">\n\t\t\t\t\t\t\t<p>This notification was updated on <strong>15th February 2024<\/strong><\/p>\t\t\t\t\t\t<\/div>\n\t\t\t\t<\/div>\n\t\t\t\t\t<\/div>\n\t\t\t\t<\/div>\n\t\t<div class=\"elementor-element elementor-element-28b6895b e-flex e-con-boxed e-con e-parent\" data-id=\"28b6895b\" data-element_type=\"container\" data-settings=\"{&quot;background_background&quot;:&quot;classic&quot;,&quot;shape_divider_top&quot;:&quot;pyramids&quot;}\">\n\t\t\t\t\t<div class=\"e-con-inner\">\n\t\t\t\t<div class=\"elementor-shape elementor-shape-top\" data-negative=\"false\">\n\t\t\t<svg xmlns=\"http:\/\/www.w3.org\/2000\/svg\" viewbox=\"0 0 1000 100\" preserveaspectratio=\"none\">\n\t<path class=\"elementor-shape-fill\" d=\"M761.9,44.1L643.1,27.2L333.8,98L0,3.8V0l1000,0v3.9\"\/>\n<\/svg>\t\t<\/div>\n\t\t\t\t\t<\/div>\n\t\t\t\t<\/div>\n\t\t\t\t<\/div>","protected":false},"excerpt":{"rendered":"<p>In\u00edcio 1 \u2013 O QUE S\u00c3O COOKIES? Os cookies s\u00e3o pequenos ficheiros de texto que um website, ao ser visitado pelo utilizador, coloca no seu computador ou no seu dispositivo m\u00f3vel atrav\u00e9s do navegador de internet (browser). A coloca\u00e7\u00e3o de cookies ajudar\u00e1 o site a reconhecer o seu dispositivo na pr\u00f3xima vez que o utilizador [&hellip;]<\/p>","protected":false},"author":1,"featured_media":2908,"parent":0,"menu_order":25,"comment_status":"closed","ping_status":"closed","template":"","meta":{"footnotes":""},"class_list":["post-1459","page","type-page","status-publish","has-post-thumbnail","hentry"],"yoast_head":"<!-- This site is optimized with the Yoast SEO plugin v22.6 - https:\/\/yoast.com\/wordpress\/plugins\/seo\/ -->\n<title>Pol\u00edtica de cookies - AAADMJ - Associa\u00e7\u00e3o Atl\u00e2ntica de Apoio aos Doentes de Machado-Joseph<\/title>\n<meta name=\"robots\" content=\"index, follow, max-snippet:-1, max-image-preview:large, max-video-preview:-1\" \/>\n<link rel=\"canonical\" href=\"https:\/\/aaadmj.com\/en\/cookies-policy\/\" \/>\n<meta property=\"og:locale\" content=\"en_GB\" \/>\n<meta property=\"og:type\" content=\"article\" \/>\n<meta property=\"og:title\" content=\"Pol\u00edtica de cookies - AAADMJ - Associa\u00e7\u00e3o Atl\u00e2ntica de Apoio aos Doentes de Machado-Joseph\" \/>\n<meta property=\"og:description\" content=\"In\u00edcio 1 \u2013 O QUE S\u00c3O COOKIES? Os cookies s\u00e3o pequenos ficheiros de texto que um website, ao ser visitado pelo utilizador, coloca no seu computador ou no seu dispositivo m\u00f3vel atrav\u00e9s do navegador de internet (browser). A coloca\u00e7\u00e3o de cookies ajudar\u00e1 o site a reconhecer o seu dispositivo na pr\u00f3xima vez que o utilizador [&hellip;]\" \/>\n<meta property=\"og:url\" content=\"https:\/\/aaadmj.com\/en\/cookies-policy\/\" \/>\n<meta property=\"og:site_name\" content=\"AAADMJ - Associa\u00e7\u00e3o Atl\u00e2ntica de Apoio aos Doentes de Machado-Joseph\" \/>\n<meta property=\"article:modified_time\" content=\"2024-05-16T16:36:20+00:00\" \/>\n<meta property=\"og:image\" content=\"https:\/\/aaadmj.com\/wp-content\/uploads\/2024\/02\/wallpapper-7.jpg\" \/>\n\t<meta property=\"og:image:width\" content=\"1920\" \/>\n\t<meta property=\"og:image:height\" content=\"1280\" \/>\n\t<meta property=\"og:image:type\" content=\"image\/jpeg\" \/>\n<meta name=\"twitter:card\" content=\"summary_large_image\" \/>\n<meta name=\"twitter:label1\" content=\"Estimated reading time\" \/>\n\t<meta name=\"twitter:data1\" content=\"4 minutes\" \/>\n<script type=\"application\/ld+json\" class=\"yoast-schema-graph\">{\"@context\":\"https:\/\/schema.org\",\"@graph\":[{\"@type\":\"WebPage\",\"@id\":\"https:\/\/aaadmj.com\/cookies-policy\/\",\"url\":\"https:\/\/aaadmj.com\/cookies-policy\/\",\"name\":\"Pol\u00edtica de cookies - AAADMJ - Associa\u00e7\u00e3o Atl\u00e2ntica de Apoio aos Doentes de Machado-Joseph\",\"isPartOf\":{\"@id\":\"https:\/\/aaadmj.com\/#website\"},\"primaryImageOfPage\":{\"@id\":\"https:\/\/aaadmj.com\/cookies-policy\/#primaryimage\"},\"image\":{\"@id\":\"https:\/\/aaadmj.com\/cookies-policy\/#primaryimage\"},\"thumbnailUrl\":\"https:\/\/aaadmj.com\/wp-content\/uploads\/2024\/02\/wallpapper-7.jpg\",\"datePublished\":\"2024-02-15T03:47:33+00:00\",\"dateModified\":\"2024-05-16T16:36:20+00:00\",\"breadcrumb\":{\"@id\":\"https:\/\/aaadmj.com\/cookies-policy\/#breadcrumb\"},\"inLanguage\":\"en-GB\",\"potentialAction\":[{\"@type\":\"ReadAction\",\"target\":[\"https:\/\/aaadmj.com\/cookies-policy\/\"]}]},{\"@type\":\"ImageObject\",\"inLanguage\":\"en-GB\",\"@id\":\"https:\/\/aaadmj.com\/cookies-policy\/#primaryimage\",\"url\":\"https:\/\/aaadmj.com\/wp-content\/uploads\/2024\/02\/wallpapper-7.jpg\",\"contentUrl\":\"https:\/\/aaadmj.com\/wp-content\/uploads\/2024\/02\/wallpapper-7.jpg\",\"width\":1920,\"height\":1280},{\"@type\":\"BreadcrumbList\",\"@id\":\"https:\/\/aaadmj.com\/cookies-policy\/#breadcrumb\",\"itemListElement\":[{\"@type\":\"ListItem\",\"position\":1,\"name\":\"In\u00edcio\",\"item\":\"https:\/\/aaadmj.com\/\"},{\"@type\":\"ListItem\",\"position\":2,\"name\":\"Pol\u00edtica de cookies\"}]},{\"@type\":\"WebSite\",\"@id\":\"https:\/\/aaadmj.com\/#website\",\"url\":\"https:\/\/aaadmj.com\/\",\"name\":\"AAADMJ - Associa\u00e7\u00e3o Atl\u00e2ntica de Apoio aos Doentes de Machado-Joseph\",\"description\":\"Institui\u00e7\u00e3o Particular de Solidariedade Social, com sede em Ponta Delgada, que tem por miss\u00e3o a representa\u00e7\u00e3o e defesa dos interesses gerais e coletivos dos portadores da doen\u00e7a de Machado-Joseph e seus familiares\",\"publisher\":{\"@id\":\"https:\/\/aaadmj.com\/#organization\"},\"potentialAction\":[{\"@type\":\"SearchAction\",\"target\":{\"@type\":\"EntryPoint\",\"urlTemplate\":\"https:\/\/aaadmj.com\/?s={search_term_string}\"},\"query-input\":\"required name=search_term_string\"}],\"inLanguage\":\"en-GB\"},{\"@type\":\"Organization\",\"@id\":\"https:\/\/aaadmj.com\/#organization\",\"name\":\"AAADMJ - Associa\u00e7\u00e3o Atl\u00e2ntica de Apoio aos Doentes de Machado-Joseph\",\"url\":\"https:\/\/aaadmj.com\/\",\"logo\":{\"@type\":\"ImageObject\",\"inLanguage\":\"en-GB\",\"@id\":\"https:\/\/aaadmj.com\/#\/schema\/logo\/image\/\",\"url\":\"https:\/\/aaadmj.com\/wp-content\/uploads\/2024\/01\/logo_aaadmj-01.png\",\"contentUrl\":\"https:\/\/aaadmj.com\/wp-content\/uploads\/2024\/01\/logo_aaadmj-01.png\",\"width\":851,\"height\":221,\"caption\":\"AAADMJ - Associa\u00e7\u00e3o Atl\u00e2ntica de Apoio aos Doentes de Machado-Joseph\"},\"image\":{\"@id\":\"https:\/\/aaadmj.com\/#\/schema\/logo\/image\/\"}}]}<\/script>\n<!-- \/ Yoast SEO plugin. -->","yoast_head_json":{"title":"Pol\u00edtica de cookies - AAADMJ - Associa\u00e7\u00e3o Atl\u00e2ntica de Apoio aos Doentes de Machado-Joseph","robots":{"index":"index","follow":"follow","max-snippet":"max-snippet:-1","max-image-preview":"max-image-preview:large","max-video-preview":"max-video-preview:-1"},"canonical":"https:\/\/aaadmj.com\/en\/cookies-policy\/","og_locale":"en_GB","og_type":"article","og_title":"Pol\u00edtica de cookies - AAADMJ - Associa\u00e7\u00e3o Atl\u00e2ntica de Apoio aos Doentes de Machado-Joseph","og_description":"In\u00edcio 1 \u2013 O QUE S\u00c3O COOKIES? Os cookies s\u00e3o pequenos ficheiros de texto que um website, ao ser visitado pelo utilizador, coloca no seu computador ou no seu dispositivo m\u00f3vel atrav\u00e9s do navegador de internet (browser). A coloca\u00e7\u00e3o de cookies ajudar\u00e1 o site a reconhecer o seu dispositivo na pr\u00f3xima vez que o utilizador [&hellip;]","og_url":"https:\/\/aaadmj.com\/en\/cookies-policy\/","og_site_name":"AAADMJ - Associa\u00e7\u00e3o Atl\u00e2ntica de Apoio aos Doentes de Machado-Joseph","article_modified_time":"2024-05-16T16:36:20+00:00","og_image":[{"width":1920,"height":1280,"url":"https:\/\/aaadmj.com\/wp-content\/uploads\/2024\/02\/wallpapper-7.jpg","type":"image\/jpeg"}],"twitter_card":"summary_large_image","twitter_misc":{"Estimated reading time":"4 minutes"},"schema":{"@context":"https:\/\/schema.org","@graph":[{"@type":"WebPage","@id":"https:\/\/aaadmj.com\/cookies-policy\/","url":"https:\/\/aaadmj.com\/cookies-policy\/","name":"Pol\u00edtica de cookies - AAADMJ - Associa\u00e7\u00e3o Atl\u00e2ntica de Apoio aos Doentes de Machado-Joseph","isPartOf":{"@id":"https:\/\/aaadmj.com\/#website"},"primaryImageOfPage":{"@id":"https:\/\/aaadmj.com\/cookies-policy\/#primaryimage"},"image":{"@id":"https:\/\/aaadmj.com\/cookies-policy\/#primaryimage"},"thumbnailUrl":"https:\/\/aaadmj.com\/wp-content\/uploads\/2024\/02\/wallpapper-7.jpg","datePublished":"2024-02-15T03:47:33+00:00","dateModified":"2024-05-16T16:36:20+00:00","breadcrumb":{"@id":"https:\/\/aaadmj.com\/cookies-policy\/#breadcrumb"},"inLanguage":"en-GB","potentialAction":[{"@type":"ReadAction","target":["https:\/\/aaadmj.com\/cookies-policy\/"]}]},{"@type":"ImageObject","inLanguage":"en-GB","@id":"https:\/\/aaadmj.com\/cookies-policy\/#primaryimage","url":"https:\/\/aaadmj.com\/wp-content\/uploads\/2024\/02\/wallpapper-7.jpg","contentUrl":"https:\/\/aaadmj.com\/wp-content\/uploads\/2024\/02\/wallpapper-7.jpg","width":1920,"height":1280},{"@type":"BreadcrumbList","@id":"https:\/\/aaadmj.com\/cookies-policy\/#breadcrumb","itemListElement":[{"@type":"ListItem","position":1,"name":"In\u00edcio","item":"https:\/\/aaadmj.com\/"},{"@type":"ListItem","position":2,"name":"Pol\u00edtica de cookies"}]},{"@type":"WebSite","@id":"https:\/\/aaadmj.com\/#website","url":"https:\/\/aaadmj.com\/","name":"AAADMJ - Associa\u00e7\u00e3o Atl\u00e2ntica de Apoio aos Doentes de Machado-Joseph","description":"Institui\u00e7\u00e3o Particular de Solidariedade Social, com sede em Ponta Delgada, que tem por miss\u00e3o a representa\u00e7\u00e3o e defesa dos interesses gerais e coletivos dos portadores da doen\u00e7a de Machado-Joseph e seus familiares","publisher":{"@id":"https:\/\/aaadmj.com\/#organization"},"potentialAction":[{"@type":"SearchAction","target":{"@type":"EntryPoint","urlTemplate":"https:\/\/aaadmj.com\/?s={search_term_string}"},"query-input":"required name=search_term_string"}],"inLanguage":"en-GB"},{"@type":"Organization","@id":"https:\/\/aaadmj.com\/#organization","name":"AAADMJ - Associa\u00e7\u00e3o Atl\u00e2ntica de Apoio aos Doentes de Machado-Joseph","url":"https:\/\/aaadmj.com\/","logo":{"@type":"ImageObject","inLanguage":"en-GB","@id":"https:\/\/aaadmj.com\/#\/schema\/logo\/image\/","url":"https:\/\/aaadmj.com\/wp-content\/uploads\/2024\/01\/logo_aaadmj-01.png","contentUrl":"https:\/\/aaadmj.com\/wp-content\/uploads\/2024\/01\/logo_aaadmj-01.png","width":851,"height":221,"caption":"AAADMJ - Associa\u00e7\u00e3o Atl\u00e2ntica de Apoio aos Doentes de Machado-Joseph"},"image":{"@id":"https:\/\/aaadmj.com\/#\/schema\/logo\/image\/"}}]}},"_links":{"self":[{"href":"https:\/\/aaadmj.com\/en\/wp-json\/wp\/v2\/pages\/1459","targetHints":{"allow":["GET"]}}],"collection":[{"href":"https:\/\/aaadmj.com\/en\/wp-json\/wp\/v2\/pages"}],"about":[{"href":"https:\/\/aaadmj.com\/en\/wp-json\/wp\/v2\/types\/page"}],"author":[{"embeddable":true,"href":"https:\/\/aaadmj.com\/en\/wp-json\/wp\/v2\/users\/1"}],"replies":[{"embeddable":true,"href":"https:\/\/aaadmj.com\/en\/wp-json\/wp\/v2\/comments?post=1459"}],"version-history":[{"count":3,"href":"https:\/\/aaadmj.com\/en\/wp-json\/wp\/v2\/pages\/1459\/revisions"}],"predecessor-version":[{"id":3208,"href":"https:\/\/aaadmj.com\/en\/wp-json\/wp\/v2\/pages\/1459\/revisions\/3208"}],"wp:featuredmedia":[{"embeddable":true,"href":"https:\/\/aaadmj.com\/en\/wp-json\/wp\/v2\/media\/2908"}],"wp:attachment":[{"href":"https:\/\/aaadmj.com\/en\/wp-json\/wp\/v2\/media?parent=1459"}],"curies":[{"name":"wp","href":"https:\/\/api.w.org\/{rel}","templated":true}]}}